{"id":2443,"date":"2018-11-02T10:54:48","date_gmt":"2018-11-02T08:54:48","guid":{"rendered":"https:\/\/yakisugi.ee\/avaleht\/"},"modified":"2025-05-30T15:04:40","modified_gmt":"2025-05-30T12:04:40","slug":"startseite","status":"publish","type":"page","link":"https:\/\/yakisugi.ee\/de\/","title":{"rendered":"Startseite"},"content":{"rendered":"<div class=\"wpb-content-wrapper\"><p>[vc_row css_animation=&#8220;&#8220; row_type=&#8220;row&#8220; use_row_as_full_screen_section=&#8220;no&#8220; type=&#8220;full_width&#8220; angled_section=&#8220;no&#8220; text_align=&#8220;left&#8220; background_image_as_pattern=&#8220;without_pattern&#8220; z_index=&#8220;&#8220;][vc_column][rev_slider_vc alias=&#8220;home-slider&#8220;][\/vc_column][\/vc_row][vc_row css_animation=&#8220;&#8220; row_type=&#8220;row&#8220; use_row_as_full_screen_section=&#8220;yes&#8220; type=&#8220;full_width&#8220; angled_section=&#8220;no&#8220; text_align=&#8220;left&#8220; background_image_as_pattern=&#8220;without_pattern&#8220; z_index=&#8220;&#8220; css=&#8220;.vc_custom_1594897571388{background-color: #f1f1f1 !important;}&#8220;][vc_column el_class=&#8220;reason&#8220;][vc_raw_html css=&#8220;&#8220;]JTVCc2MlMjBuYW1lJTNEJTIycmVhc29uc19zYWtzYSUyMiU1RCU1QiUyRnNjJTVE[\/vc_raw_html][\/vc_column][\/vc_row][vc_row css_animation=&#8220;&#8220; row_type=&#8220;row&#8220; use_row_as_full_screen_section=&#8220;no&#8220; type=&#8220;full_width&#8220; angled_section=&#8220;no&#8220; text_align=&#8220;left&#8220; background_image_as_pattern=&#8220;without_pattern&#8220; z_index=&#8220;&#8220; el_class=&#8220;best-uses&#8220;][vc_column offset=&#8220;vc_col-md-12&#8243; el_class=&#8220;best-use&#8220;][vc_raw_html css=&#8220;&#8220;]JTVCc2MlMjBuYW1lJTNEJTIyYmVzdF91c2VzX3Nha3NhJTIyJTVEJTVCJTJGc2MlNUQ=[\/vc_raw_html][\/vc_column][\/vc_row][vc_row css_animation=&#8220;&#8220; row_type=&#8220;row&#8220; use_row_as_full_screen_section=&#8220;no&#8220; type=&#8220;grid&#8220; angled_section=&#8220;no&#8220; text_align=&#8220;left&#8220; background_image_as_pattern=&#8220;without_pattern&#8220; el_class=&#8220;section our-technology&#8220; z_index=&#8220;&#8220;][vc_column width=&#8220;7\/12&#8243;][vc_column_text css=&#8220;&#8220; el_class=&#8220;section__title&#8220;]<\/p>\n<h2>YAKISUGI \u2013 EINE URALTE JAPANISCHE TRADITION<\/h2>\n<p>[\/vc_column_text][vc_column_text css=&#8220;&#8220; el_class=&#8220;section__title-small&#8220;]<\/p>\n<h5>ZEITLOSES ERSCHEINUNGSBILD, NAT\u00dcRLICH UND LANGLEBIG!<\/h5>\n<p>[\/vc_column_text][vc_column_text css=&#8220;&#8220; el_class=&#8220;section__text&#8220;]Vor fast tausend Jahren erfanden japanische Holzhandwerker die damals neue Technologie namens Yakisugi, mit der die Lebensdauer von Holz auf mehrere Jahrzehnte verl\u00e4ngert werden konnte. Neben der Langlebigkeit von Yakisugi ist diese Technologie auch weltweit f\u00fcr ihr exklusives und einzigartiges Aussehen bekannt.<\/p>\n<p>Heute nutzen wir eine moderne Technologie der Karbonisierung, die das Endprodukt ohne den Einsatz von Chemikalien noch haltbarer macht.<\/p>\n<p><strong>Dar\u00fcber hinaus bringt karbonisiertes Holz den nat\u00fcrlichen Charakter des Holzes zum Vorschein und erzeugt wundersch\u00f6ne Muster.<\/strong>[\/vc_column_text]\n\n\t<a href=\"https:\/\/yakisugi.ee\/de\/tooted\/\" target=\"_self\" style=\"color: #161616\" class=\"qode-btn qode-btn-medium qode-btn-solid qode-btn-custom-hover-color section-btn qode-btn-default-hover\" data-hover-color=\"#161616\" >\n\t    <span class=\"qode-btn-text\">LERNEN SIE DIE PRODUKTE KENNEN<\/span>\t<\/a>\n\n[\/vc_column][vc_column width=&#8220;5\/12&#8243;][vc_row_inner row_type=&#8220;row&#8220; type=&#8220;full_width&#8220; text_align=&#8220;left&#8220; css_animation=&#8220;&#8220; css=&#8220;.vc_custom_1594902670234{padding-right: 0px !important;padding-left: 0px !important;}&#8220; el_class=&#8220;our-technology-benefit&#8220;][vc_column_inner width=&#8220;1\/4&#8243;][vc_single_image image=&#8220;628&#8243; img_size=&#8220;full&#8220; alignment=&#8220;right&#8220; qode_css_animation=&#8220;&#8220; el_class=&#8220;our-technology-benefit__image&#8220;][\/vc_column_inner][vc_column_inner width=&#8220;3\/4&#8243;][vc_column_text css=&#8220;&#8220; el_class=&#8220;our-technology-benefit__title&#8220;]<\/p>\n<h3>LASST UNS DIE UMWELT SCHONEN<\/h3>\n<p>[\/vc_column_text][vc_column_text css=&#8220;&#8220; el_class=&#8220;our-technology-benefit__text&#8220;]Unsere YAKISUGI Technologie steht im Einklang mit der Natur. Es werden keine Chemikalien verwendet und ist somit umweltschonend.[\/vc_column_text][\/vc_column_inner][\/vc_row_inner][vc_row_inner row_type=&#8220;row&#8220; type=&#8220;full_width&#8220; text_align=&#8220;left&#8220; css_animation=&#8220;&#8220; css=&#8220;.vc_custom_1594902670234{padding-right: 0px !important;padding-left: 0px !important;}&#8220; el_class=&#8220;our-technology-benefit&#8220;][vc_column_inner width=&#8220;1\/4&#8243;][vc_single_image image=&#8220;629&#8243; img_size=&#8220;full&#8220; alignment=&#8220;right&#8220; qode_css_animation=&#8220;&#8220; el_class=&#8220;our-technology-benefit__image&#8220;][\/vc_column_inner][vc_column_inner width=&#8220;3\/4&#8243;][vc_column_text css=&#8220;&#8220; el_class=&#8220;our-technology-benefit__title&#8220;]<\/p>\n<h3>MODERNE TRADITIONEN<\/h3>\n<p>[\/vc_column_text][vc_column_text css=&#8220;&#8220; el_class=&#8220;our-technology-benefit__text&#8220;]Im Vergleich zu vor tausend Jahren hat sich die YAKISUGI-Technologie verbessert und die Lebensdauer von Holz weiter verl\u00e4ngert.[\/vc_column_text][\/vc_column_inner][\/vc_row_inner][vc_row_inner row_type=&#8220;row&#8220; type=&#8220;full_width&#8220; text_align=&#8220;left&#8220; css_animation=&#8220;&#8220; css=&#8220;.vc_custom_1594902670234{padding-right: 0px !important;padding-left: 0px !important;}&#8220; el_class=&#8220;our-technology-benefit&#8220;][vc_column_inner width=&#8220;1\/4&#8243;][vc_single_image image=&#8220;630&#8243; img_size=&#8220;full&#8220; alignment=&#8220;right&#8220; qode_css_animation=&#8220;&#8220; el_class=&#8220;our-technology-benefit__image&#8220;][\/vc_column_inner][vc_column_inner width=&#8220;3\/4&#8243;][vc_column_text css=&#8220;&#8220; el_class=&#8220;our-technology-benefit__title&#8220;]<\/p>\n<h3>EINZIGARTIGE TEXTUR<\/h3>\n<p>[\/vc_column_text][vc_column_text css=&#8220;&#8220; el_class=&#8220;our-technology-benefit__text&#8220;]Durch das Verbrennen und B\u00fcrsten von Holz entsteht immer eine einzigartige Textur. Alle Holzsp\u00e4ne sind unterschiedlich, passen aber zusammen.[\/vc_column_text][\/vc_column_inner][\/vc_row_inner][\/vc_column][\/vc_row][vc_row row_type=&#8220;parallax&#8220; parallax_content_width=&#8220;in_grid&#8220; text_align=&#8220;left&#8220; background_image=&#8220;341&#8243; full_screen_section_height=&#8220;no&#8220;][vc_column css=&#8220;.vc_custom_1744039877390{padding-top: 50px !important;padding-bottom: 50px !important;}&#8220;][vc_column_text css=&#8220;&#8220;]<\/p>\n<h1><span style=\"color: #ffffff;\" data-darkreader-inline-color=\"\">YAKISUGI TECHNOLOGIE DER KARBONISIERUNG<\/span><\/h1>\n<p>[\/vc_column_text][vc_separator type=&#8220;small&#8220; position=&#8220;left&#8220; color=&#8220;#ffffff&#8220; transparency=&#8220;1&#8243; thickness=&#8220;1&#8243; width=&#8220;63&#8243; up=&#8220;24&#8243; down=&#8220;35&#8243;][vc_column_text css=&#8220;&#8220;]<span style=\"color: #ffffff;\" data-darkreader-inline-color=\"\">Die aus Japan stammende Technik verleiht dem Holz ein neues und einzigartiges Aussehen sowie Langlebigkeit. Die von uns verwendete Technologie erm\u00f6glicht es uns, ein Endprodukt mit unterschiedlichen Brenngraden und Erscheinungsbildern herzustellen. Der Brenngrad l\u00e4sst sich von leicht rauchig bis tiefschwarz einstellen, um Fassaden, Terrassen und Decken Ihres Hauses stilvoll und nachhaltig aufzuwerten.<\/span>[\/vc_column_text][\/vc_column][\/vc_row][vc_row css_animation=&#8220;&#8220; row_type=&#8220;row&#8220; use_row_as_full_screen_section=&#8220;no&#8220; type=&#8220;full_width&#8220; angled_section=&#8220;no&#8220; text_align=&#8220;left&#8220; background_image_as_pattern=&#8220;without_pattern&#8220;][vc_column][vc_raw_html]JTVCZ2FsZXJpaSUyMGlkJTNEJTIyNjM4JTIyJTVE[\/vc_raw_html][\/vc_column][\/vc_row]<\/p>\n<\/div>","protected":false},"excerpt":{"rendered":"<p>[vc_row css_animation=&#8220;&#8220; row_type=&#8220;row&#8220; use_row_as_full_screen_section=&#8220;no&#8220; type=&#8220;full_width&#8220; angled_section=&#8220;no&#8220; text_align=&#8220;left&#8220; background_image_as_pattern=&#8220;without_pattern&#8220; z_index=&#8220;&#8220;][vc_column][rev_slider_vc alias=&#8220;home-slider&#8220;][\/vc_column][\/vc_row][vc_row css_animation=&#8220;&#8220; row_type=&#8220;row&#8220; use_row_as_full_screen_section=&#8220;yes&#8220; type=&#8220;full_width&#8220; angled_section=&#8220;no&#8220; text_align=&#8220;left&#8220; background_image_as_pattern=&#8220;without_pattern&#8220; z_index=&#8220;&#8220; css=&#8220;.vc_custom_1594897571388{background-color: #f1f1f1 !important;}&#8220;][vc_column el_class=&#8220;reason&#8220;][vc_raw_html css=&#8220;&#8220;]JTVCc2MlMjBuYW1lJTNEJTIycmVhc29uc19zYWtzYSUyMiU1RCU1QiUyRnNjJTVE[\/vc_raw_html][\/vc_column][\/vc_row][vc_row css_animation=&#8220;&#8220; row_type=&#8220;row&#8220; use_row_as_full_screen_section=&#8220;no&#8220; type=&#8220;full_width&#8220; angled_section=&#8220;no&#8220; text_align=&#8220;left&#8220; background_image_as_pattern=&#8220;without_pattern&#8220; z_index=&#8220;&#8220; el_class=&#8220;best-uses&#8220;][vc_column offset=&#8220;vc_col-md-12&#8243; el_class=&#8220;best-use&#8220;][vc_raw_html css=&#8220;&#8220;]JTVCc2MlMjBuYW1lJTNEJTIyYmVzdF91c2VzX3Nha3NhJTIyJTVEJTVCJTJGc2MlNUQ=[\/vc_raw_html][\/vc_column][\/vc_row][vc_row css_animation=&#8220;&#8220; row_type=&#8220;row&#8220; use_row_as_full_screen_section=&#8220;no&#8220; type=&#8220;grid&#8220; angled_section=&#8220;no&#8220; text_align=&#8220;left&#8220; background_image_as_pattern=&#8220;without_pattern&#8220; el_class=&#8220;section our-technology&#8220; z_index=&#8220;&#8220;][vc_column&#8230;<\/p>\n","protected":false},"author":4,"featured_media":0,"parent":0,"menu_order":0,"comment_status":"closed","ping_status":"closed","template":"full_width.php","meta":{"_acf_changed":false,"footnotes":""},"class_list":["post-2443","page","type-page","status-publish","hentry"],"acf":[],"aioseo_notices":[],"_links":{"self":[{"href":"https:\/\/yakisugi.ee\/de\/wp-json\/wp\/v2\/pages\/2443","targetHints":{"allow":["GET"]}}],"collection":[{"href":"https:\/\/yakisugi.ee\/de\/wp-json\/wp\/v2\/pages"}],"about":[{"href":"https:\/\/yakisugi.ee\/de\/wp-json\/wp\/v2\/types\/page"}],"author":[{"embeddable":true,"href":"https:\/\/yakisugi.ee\/de\/wp-json\/wp\/v2\/users\/4"}],"replies":[{"embeddable":true,"href":"https:\/\/yakisugi.ee\/de\/wp-json\/wp\/v2\/comments?post=2443"}],"version-history":[{"count":5,"href":"https:\/\/yakisugi.ee\/de\/wp-json\/wp\/v2\/pages\/2443\/revisions"}],"predecessor-version":[{"id":2962,"href":"https:\/\/yakisugi.ee\/de\/wp-json\/wp\/v2\/pages\/2443\/revisions\/2962"}],"wp:attachment":[{"href":"https:\/\/yakisugi.ee\/de\/wp-json\/wp\/v2\/media?parent=2443"}],"curies":[{"name":"wp","href":"https:\/\/api.w.org\/{rel}","templated":true}]}}