{"id":2461,"date":"2018-11-02T08:23:22","date_gmt":"2018-11-02T06:23:22","guid":{"rendered":"https:\/\/yakisugi.ee\/yakisugi\/"},"modified":"2025-11-20T14:28:50","modified_gmt":"2025-11-20T12:28:50","slug":"yakisugi","status":"publish","type":"page","link":"https:\/\/yakisugi.ee\/de\/yakisugi\/","title":{"rendered":"Yakisugi"},"content":{"rendered":"<div class=\"wpb-content-wrapper\"><p>[vc_row css_animation=&#8220;&#8220; row_type=&#8220;row&#8220; use_row_as_full_screen_section=&#8220;no&#8220; type=&#8220;grid&#8220; angled_section=&#8220;no&#8220; text_align=&#8220;left&#8220; background_image_as_pattern=&#8220;without_pattern&#8220; padding_top=&#8220;50&#8243; padding_bottom=&#8220;50&#8243; z_index=&#8220;&#8220;][vc_column width=&#8220;1\/2&#8243;][vc_single_image image=&#8220;827&#8243; img_size=&#8220;full&#8220; qode_css_animation=&#8220;&#8220;][vc_empty_space][\/vc_column][vc_column width=&#8220;1\/2&#8243;][vc_column_text css=&#8220;&#8220;]<\/p>\n<h2>WAS IST YAKISUGI?<\/h2>\n<p>[\/vc_column_text][vc_separator type=&#8220;small&#8220; position=&#8220;left&#8220; color=&#8220;#0a0a0a&#8220; transparency=&#8220;1&#8243; thickness=&#8220;1&#8243; width=&#8220;63&#8243; up=&#8220;33&#8243; down=&#8220;45&#8243;][vc_column_text css=&#8220;&#8220;]Yakisugi ist eine Technologie der Karbonisierung aus Japan, die sich von anderen Holzschutztechnologien durch ihre Langzeitbest\u00e4ndigkeit unterscheidet. Daher eignet sie sich ideal f\u00fcr den Einsatz im Au\u00dfenbereich. Die Yakisugi-Technik wird in Japan seit Jahrhunderten h\u00e4ufig verwendet und hat sich auch dort, wo die klimatischen Bedingungen von subtropisch bis arktisch variieren, als \u00e4u\u00dferst langlebig erwiesen.<\/p>\n<p>&nbsp;<\/p>\n<p>Diese Technologie der Holzverkohlung ist eine v\u00f6llig nat\u00fcrliche Art der Holzverarbeitung und sorgt zudem f\u00fcr ein angenehmes \u00e4sthetisches Erscheinungsbild. W\u00e4hrend des Holzverarbeitungsprozesses werden die nat\u00fcrlichen T\u00f6ne und Muster des Holzes hervorgehoben und das Holzmuster wird betont. Holz wird au\u00dferdem sehr widerstandsf\u00e4hig gegen Umwelteinfl\u00fcsse (UV-Strahlung, Wasser, Insekten, F\u00e4ule). Alles in allem ist die Yakisugi-Technik nicht nur optisch sch\u00f6n, sondern auch sehr praktisch.[\/vc_column_text][\/vc_column][\/vc_row][vc_row css_animation=&#8220;&#8220; row_type=&#8220;row&#8220; use_row_as_full_screen_section=&#8220;no&#8220; type=&#8220;grid&#8220; angled_section=&#8220;no&#8220; text_align=&#8220;left&#8220; background_image_as_pattern=&#8220;without_pattern&#8220; padding_top=&#8220;50&#8243; padding_bottom=&#8220;100&#8243; z_index=&#8220;&#8220;][vc_column width=&#8220;1\/2&#8243;][vc_single_image image=&#8220;825&#8243; img_size=&#8220;full&#8220; qode_css_animation=&#8220;&#8220;][vc_empty_space][\/vc_column][vc_column width=&#8220;1\/2&#8243;][vc_column_text css=&#8220;&#8220;]Um die nat\u00fcrliche Konservierung vom Holz \u00fcber Jahrzehnte hinweg zu gew\u00e4hrleisten und gleichzeitig das urspr\u00fcngliche Ergebnis zu bewahren, ist es wichtig, die Holzfassade regelm\u00e4\u00dfig mit nat\u00fcrlichen \u00d6len zu behandeln.<\/p>\n<p>&nbsp;<\/p>\n<p>Die Yakisugi Technologie der Holzverarbeitung wurde in alten japanischen Tempeln h\u00e4ufig verwendet und ist heute auch perfekt f\u00fcr den Bau von Hausterrassen geeignet. Die Yakisugi-Technologie kombiniert drei Elemente \u2013 Erde (Holz), Feuer und Wasser.<\/p>\n<p>&nbsp;<\/p>\n<p>Das Endergebnis ist eine angenehme W\u00e4rme unter Barf\u00fc\u00dfen und eine nat\u00fcrliche Holzterrasse, die Energie \u00fcbertr\u00e4gt. Obwohl diese Art der Holzbearbeitungsl\u00f6sung sehr langlebig ist und bis zu 100 Jahre halten kann, muss die Terrasse dennoch gepflegt werden. Um die nat\u00fcrliche Sch\u00f6nheit ein Jahrhundert lang zu bewahren, sollte die Terrasse von Zeit zu Zeit ge\u00f6lt werden.[\/vc_column_text][\/vc_column][\/vc_row][vc_row css_animation=&#8220;&#8220; row_type=&#8220;row&#8220; use_row_as_full_screen_section=&#8220;no&#8220; type=&#8220;grid&#8220; angled_section=&#8220;no&#8220; text_align=&#8220;left&#8220; background_image_as_pattern=&#8220;without_pattern&#8220; z_index=&#8220;&#8220; css=&#8220;.vc_custom_1541502154108{padding-top: 40px !important;padding-bottom: 40px !important;}&#8220;][vc_column width=&#8220;1\/2&#8243;]<div class=\"qode-advanced-image-gallery  qode-aig-grid-type qode-small-space  qode-image-behavior-lightbox \">\n\t<div class=\"qode-aig-inner qode-outer-space qode-aig-grid qode-aig-two-columns\">\n\t\t\t\t\t<div class=\"qode-aig-image qode-item-space\">\n\t\t\t\t<div class=\"qode-aig-image-inner\">\n\t\t\t\t\t\t\t\t\t\t\t<a itemprop=\"image\" class=\"qode-aig-lightbox\" href=\"https:\/\/yakisugi.ee\/wp-content\/uploads\/2018\/11\/wood1.jpg\" data-rel=\"prettyPhoto[image_gallery_pretty_photo-683]\" title=\"wood1\">\n\t\t\t\t\t\t\t\t\t\t\t<img decoding=\"async\" width=\"700\" height=\"700\" src=\"https:\/\/yakisugi.ee\/wp-content\/uploads\/2018\/11\/wood1.jpg\" class=\"attachment-full size-full\" alt=\"\" srcset=\"https:\/\/yakisugi.ee\/wp-content\/uploads\/2018\/11\/wood1.jpg 700w, https:\/\/yakisugi.ee\/wp-content\/uploads\/2018\/11\/wood1-300x300.jpg 300w, https:\/\/yakisugi.ee\/wp-content\/uploads\/2018\/11\/wood1-150x150.jpg 150w, https:\/\/yakisugi.ee\/wp-content\/uploads\/2018\/11\/wood1-570x570.jpg 570w, https:\/\/yakisugi.ee\/wp-content\/uploads\/2018\/11\/wood1-500x500.jpg 500w\" sizes=\"(max-width: 700px) 100vw, 700px\" \/>\t\t\t\t\t\t<span class=\"aig-gallery-hover\">\n\t\t\t\t\t\t\t\t\t\t\t\t\t\t\t<span class=\"icon-arrows-plus\"><\/span> \n\t\t\t\t\t\t\t\t\t\t\t\t\t<\/span>\n\t\t\t\t\t\t\t\t\t\t\t<\/a>\n\t\t\t\t\t\t\t\t\t<\/div>\n\t\t\t<\/div>\n\t\t\t\t\t<div class=\"qode-aig-image qode-item-space\">\n\t\t\t\t<div class=\"qode-aig-image-inner\">\n\t\t\t\t\t\t\t\t\t\t\t<a itemprop=\"image\" class=\"qode-aig-lightbox\" href=\"https:\/\/yakisugi.ee\/wp-content\/uploads\/2018\/11\/wood2.jpg\" data-rel=\"prettyPhoto[image_gallery_pretty_photo-683]\" title=\"wood2\">\n\t\t\t\t\t\t\t\t\t\t\t<img decoding=\"async\" width=\"700\" height=\"700\" src=\"https:\/\/yakisugi.ee\/wp-content\/uploads\/2018\/11\/wood2.jpg\" class=\"attachment-full size-full\" alt=\"\" srcset=\"https:\/\/yakisugi.ee\/wp-content\/uploads\/2018\/11\/wood2.jpg 700w, https:\/\/yakisugi.ee\/wp-content\/uploads\/2018\/11\/wood2-300x300.jpg 300w, https:\/\/yakisugi.ee\/wp-content\/uploads\/2018\/11\/wood2-150x150.jpg 150w, https:\/\/yakisugi.ee\/wp-content\/uploads\/2018\/11\/wood2-570x570.jpg 570w, https:\/\/yakisugi.ee\/wp-content\/uploads\/2018\/11\/wood2-500x500.jpg 500w\" sizes=\"(max-width: 700px) 100vw, 700px\" \/>\t\t\t\t\t\t<span class=\"aig-gallery-hover\">\n\t\t\t\t\t\t\t\t\t\t\t\t\t\t\t<span class=\"icon-arrows-plus\"><\/span> \n\t\t\t\t\t\t\t\t\t\t\t\t\t<\/span>\n\t\t\t\t\t\t\t\t\t\t\t<\/a>\n\t\t\t\t\t\t\t\t\t<\/div>\n\t\t\t<\/div>\n\t\t\t\t\t<div class=\"qode-aig-image qode-item-space\">\n\t\t\t\t<div class=\"qode-aig-image-inner\">\n\t\t\t\t\t\t\t\t\t\t\t<a itemprop=\"image\" class=\"qode-aig-lightbox\" href=\"https:\/\/yakisugi.ee\/wp-content\/uploads\/2018\/11\/wood3.jpg\" data-rel=\"prettyPhoto[image_gallery_pretty_photo-683]\" title=\"\">\n\t\t\t\t\t\t\t\t\t\t\t<img decoding=\"async\" width=\"700\" height=\"700\" src=\"https:\/\/yakisugi.ee\/wp-content\/uploads\/2018\/11\/wood3.jpg\" class=\"attachment-full size-full\" alt=\"\" srcset=\"https:\/\/yakisugi.ee\/wp-content\/uploads\/2018\/11\/wood3.jpg 700w, https:\/\/yakisugi.ee\/wp-content\/uploads\/2018\/11\/wood3-300x300.jpg 300w, https:\/\/yakisugi.ee\/wp-content\/uploads\/2018\/11\/wood3-150x150.jpg 150w, https:\/\/yakisugi.ee\/wp-content\/uploads\/2018\/11\/wood3-570x570.jpg 570w, https:\/\/yakisugi.ee\/wp-content\/uploads\/2018\/11\/wood3-500x500.jpg 500w\" sizes=\"(max-width: 700px) 100vw, 700px\" \/>\t\t\t\t\t\t<span class=\"aig-gallery-hover\">\n\t\t\t\t\t\t\t\t\t\t\t\t\t\t\t<span class=\"icon-arrows-plus\"><\/span> \n\t\t\t\t\t\t\t\t\t\t\t\t\t<\/span>\n\t\t\t\t\t\t\t\t\t\t\t<\/a>\n\t\t\t\t\t\t\t\t\t<\/div>\n\t\t\t<\/div>\n\t\t\t\t\t<div class=\"qode-aig-image qode-item-space\">\n\t\t\t\t<div class=\"qode-aig-image-inner\">\n\t\t\t\t\t\t\t\t\t\t\t<a itemprop=\"image\" class=\"qode-aig-lightbox\" href=\"https:\/\/yakisugi.ee\/wp-content\/uploads\/2018\/11\/wood5.jpg\" data-rel=\"prettyPhoto[image_gallery_pretty_photo-683]\" title=\"wood5\">\n\t\t\t\t\t\t\t\t\t\t\t<img decoding=\"async\" width=\"700\" height=\"700\" src=\"https:\/\/yakisugi.ee\/wp-content\/uploads\/2018\/11\/wood5.jpg\" class=\"attachment-full size-full\" alt=\"\" srcset=\"https:\/\/yakisugi.ee\/wp-content\/uploads\/2018\/11\/wood5.jpg 700w, https:\/\/yakisugi.ee\/wp-content\/uploads\/2018\/11\/wood5-300x300.jpg 300w, https:\/\/yakisugi.ee\/wp-content\/uploads\/2018\/11\/wood5-150x150.jpg 150w, https:\/\/yakisugi.ee\/wp-content\/uploads\/2018\/11\/wood5-570x570.jpg 570w, https:\/\/yakisugi.ee\/wp-content\/uploads\/2018\/11\/wood5-500x500.jpg 500w\" sizes=\"(max-width: 700px) 100vw, 700px\" \/>\t\t\t\t\t\t<span class=\"aig-gallery-hover\">\n\t\t\t\t\t\t\t\t\t\t\t\t\t\t\t<span class=\"icon-arrows-plus\"><\/span> \n\t\t\t\t\t\t\t\t\t\t\t\t\t<\/span>\n\t\t\t\t\t\t\t\t\t\t\t<\/a>\n\t\t\t\t\t\t\t\t\t<\/div>\n\t\t\t<\/div>\n\t\t\t<\/div>\n<\/div>[vc_empty_space][\/vc_column][vc_column width=&#8220;1\/2&#8243;][vc_column_text css=&#8220;&#8220;]<\/p>\n<h2>Fassade<\/h2>\n<p>[\/vc_column_text][vc_column_text css=&#8220;&#8220;]Die Holzverkohlungstechnologie, die urspr\u00fcnglich aus Japan stammt und unter dem Namen Yakisugi bekannt ist, unterscheidet sich von anderen Holzschutztechnologien durch ihre lange Haltbarkeit und eignet sich daher ideal f\u00fcr den Einsatz im Au\u00dfenbereich. Diese Technologie ist in Japan seit Jahrhunderten weit verbreitet und hat sich auch dort, wo die klimatischen Bedingungen von subtropisch bis n\u00f6rdlich variieren, als hervorragend erwiesen.<\/p>\n<p>&nbsp;<\/p>\n<p>Holzverkohlung ist eine v\u00f6llig nat\u00fcrliche Methode der Holzbehandlung und sorgt gleichzeitig f\u00fcr ein ansprechendes Erscheinungsbild. W\u00e4hrend der Holzbehandlung werden die nat\u00fcrlichen Farbt\u00f6ne und Maserungen des Holzes hervorgehoben und die Holzmaserung betont. Das Holz wird zudem sehr widerstandsf\u00e4hig gegen Umwelteinfl\u00fcsse (UV-Strahlung, Wasser, Insekten, F\u00e4ule). Insgesamt ist die Yakisugi-Technik nicht nur optisch ansprechend, sondern auch \u00e4u\u00dferst praktisch.<\/p>\n<p>&nbsp;<\/p>\n<p>Um die nat\u00fcrliche Konservierung des verkohlten Holzes \u00fcber Jahrzehnte hinweg zu gew\u00e4hrleisten und gleichzeitig das urspr\u00fcngliche Ergebnis zu erhalten, ist es wichtig, die Holzfassade regelm\u00e4\u00dfig mit nat\u00fcrlichen \u00d6len zu behandeln.<\/p>\n<p>&nbsp;<\/p>\n<p><strong>Wenn Sie ein Angebot w\u00fcnschen oder weitere Fragen haben, f\u00fcllen Sie bitte das untenstehende Formular aus.<\/strong>[\/vc_column_text][vc_empty_space]\n<div class=\"wpcf7 no-js\" id=\"wpcf7-f2964-o1\" lang=\"en-US\" dir=\"ltr\" data-wpcf7-id=\"2964\">\n<div class=\"screen-reader-response\"><p role=\"status\" aria-live=\"polite\" aria-atomic=\"true\"><\/p> <ul><\/ul><\/div>\n<form action=\"\/de\/wp-json\/wp\/v2\/pages\/2461#wpcf7-f2964-o1\" method=\"post\" class=\"wpcf7-form init cf7_custom_style_2\" aria-label=\"Contact form\" novalidate=\"novalidate\" data-status=\"init\">\n<fieldset class=\"hidden-fields-container\"><input type=\"hidden\" name=\"_wpcf7\" value=\"2964\" \/><input type=\"hidden\" name=\"_wpcf7_version\" value=\"6.1.5\" \/><input type=\"hidden\" name=\"_wpcf7_locale\" value=\"en_US\" \/><input type=\"hidden\" name=\"_wpcf7_unit_tag\" value=\"wpcf7-f2964-o1\" \/><input type=\"hidden\" name=\"_wpcf7_container_post\" value=\"0\" \/><input type=\"hidden\" name=\"_wpcf7_posted_data_hash\" value=\"\" \/><input type=\"hidden\" name=\"_wpcf7cf_hidden_group_fields\" value=\"[]\" \/><input type=\"hidden\" name=\"_wpcf7cf_hidden_groups\" value=\"[]\" \/><input type=\"hidden\" name=\"_wpcf7cf_visible_groups\" value=\"[]\" \/><input type=\"hidden\" name=\"_wpcf7cf_repeaters\" value=\"[]\" \/><input type=\"hidden\" name=\"_wpcf7cf_steps\" value=\"{}\" \/><input type=\"hidden\" name=\"_wpcf7cf_options\" value=\"{&quot;form_id&quot;:2964,&quot;conditions&quot;:[],&quot;settings&quot;:{&quot;animation&quot;:&quot;yes&quot;,&quot;animation_intime&quot;:200,&quot;animation_outtime&quot;:200,&quot;conditions_ui&quot;:&quot;normal&quot;,&quot;notice_dismissed&quot;:false,&quot;notice_dismissed_update-cf7-6.0.6&quot;:true}}\" \/><input type=\"hidden\" name=\"_wpcf7_recaptcha_response\" value=\"\" \/>\n<\/fieldset>\n<div><span class=\"wpcf7-form-control-wrap\" data-name=\"your-name\"><input size=\"40\" maxlength=\"400\" class=\"wpcf7-form-control wpcf7-text wpcf7-validates-as-required\" aria-required=\"true\" aria-invalid=\"false\" placeholder=\"Name*\" value=\"\" type=\"text\" name=\"your-name\" \/><\/span><\/div>\n<div><span class=\"wpcf7-form-control-wrap\" data-name=\"your-email\"><input size=\"40\" maxlength=\"400\" class=\"wpcf7-form-control wpcf7-text wpcf7-validates-as-required\" aria-required=\"true\" aria-invalid=\"false\" placeholder=\"Ihre E-mail-Adresse*\" value=\"\" type=\"text\" name=\"your-email\" \/><\/span><\/div>\n<div><span class=\"wpcf7-form-control-wrap\" data-name=\"your-subject\"><input size=\"40\" maxlength=\"400\" class=\"wpcf7-form-control wpcf7-text wpcf7-validates-as-required\" aria-required=\"true\" aria-invalid=\"false\" placeholder=\"Betreff*\" value=\"\" type=\"text\" name=\"your-subject\" \/><\/span><\/div>\n<div><span class=\"wpcf7-form-control-wrap\" data-name=\"your-message\"><textarea cols=\"40\" rows=\"10\" maxlength=\"2000\" class=\"wpcf7-form-control wpcf7-textarea wpcf7-validates-as-required\" aria-required=\"true\" aria-invalid=\"false\" placeholder=\"Nachricht*\" name=\"your-message\"><\/textarea><\/span><\/div>\n<input class=\"wpcf7-form-control wpcf7-submit has-spinner\" type=\"submit\" value=\"Abschicken\" \/><div class=\"wpcf7-response-output\" aria-hidden=\"true\"><\/div>\n<\/form>\n<\/div>\n[\/vc_column][\/vc_row]<\/p>\n<\/div>","protected":false},"excerpt":{"rendered":"<p>[vc_row css_animation=&#8220;&#8220; row_type=&#8220;row&#8220; use_row_as_full_screen_section=&#8220;no&#8220; type=&#8220;grid&#8220; angled_section=&#8220;no&#8220; text_align=&#8220;left&#8220; background_image_as_pattern=&#8220;without_pattern&#8220; padding_top=&#8220;50&#8243; padding_bottom=&#8220;50&#8243; z_index=&#8220;&#8220;][vc_column width=&#8220;1\/2&#8243;][vc_single_image image=&#8220;827&#8243; img_size=&#8220;full&#8220; qode_css_animation=&#8220;&#8220;][vc_empty_space][\/vc_column][vc_column width=&#8220;1\/2&#8243;][vc_column_text css=&#8220;&#8220;] WAS IST YAKISUGI? [\/vc_column_text][vc_separator type=&#8220;small&#8220; position=&#8220;left&#8220; color=&#8220;#0a0a0a&#8220; transparency=&#8220;1&#8243; thickness=&#8220;1&#8243; width=&#8220;63&#8243; up=&#8220;33&#8243; down=&#8220;45&#8243;][vc_column_text css=&#8220;&#8220;]Yakisugi ist eine Technologie der Karbonisierung aus Japan, die sich von anderen Holzschutztechnologien durch ihre Langzeitbest\u00e4ndigkeit&#8230;<\/p>\n","protected":false},"author":4,"featured_media":0,"parent":0,"menu_order":0,"comment_status":"closed","ping_status":"closed","template":"full_width.php","meta":{"_acf_changed":false,"footnotes":""},"class_list":["post-2461","page","type-page","status-publish","hentry"],"acf":[],"aioseo_notices":[],"_links":{"self":[{"href":"https:\/\/yakisugi.ee\/de\/wp-json\/wp\/v2\/pages\/2461","targetHints":{"allow":["GET"]}}],"collection":[{"href":"https:\/\/yakisugi.ee\/de\/wp-json\/wp\/v2\/pages"}],"about":[{"href":"https:\/\/yakisugi.ee\/de\/wp-json\/wp\/v2\/types\/page"}],"author":[{"embeddable":true,"href":"https:\/\/yakisugi.ee\/de\/wp-json\/wp\/v2\/users\/4"}],"replies":[{"embeddable":true,"href":"https:\/\/yakisugi.ee\/de\/wp-json\/wp\/v2\/comments?post=2461"}],"version-history":[{"count":3,"href":"https:\/\/yakisugi.ee\/de\/wp-json\/wp\/v2\/pages\/2461\/revisions"}],"predecessor-version":[{"id":3160,"href":"https:\/\/yakisugi.ee\/de\/wp-json\/wp\/v2\/pages\/2461\/revisions\/3160"}],"wp:attachment":[{"href":"https:\/\/yakisugi.ee\/de\/wp-json\/wp\/v2\/media?parent=2461"}],"curies":[{"name":"wp","href":"https:\/\/api.w.org\/{rel}","templated":true}]}}