{"id":2580,"date":"2018-11-02T10:54:48","date_gmt":"2018-11-02T08:54:48","guid":{"rendered":"https:\/\/yakisugi.ee\/avaleht\/"},"modified":"2025-11-19T13:37:24","modified_gmt":"2025-11-19T11:37:24","slug":"etusivu","status":"publish","type":"page","link":"https:\/\/yakisugi.ee\/fi\/","title":{"rendered":"Etusivu"},"content":{"rendered":"<div class=\"wpb-content-wrapper\"><p>[vc_row css_animation=&#8221;&#8221; row_type=&#8221;row&#8221; use_row_as_full_screen_section=&#8221;no&#8221; type=&#8221;full_width&#8221; angled_section=&#8221;no&#8221; text_align=&#8221;left&#8221; background_image_as_pattern=&#8221;without_pattern&#8221; z_index=&#8221;&#8221;][vc_column][rev_slider_vc alias=&#8221;home-slider&#8221;][\/vc_column][\/vc_row][vc_row css_animation=&#8221;&#8221; row_type=&#8221;row&#8221; use_row_as_full_screen_section=&#8221;yes&#8221; type=&#8221;full_width&#8221; angled_section=&#8221;no&#8221; text_align=&#8221;left&#8221; background_image_as_pattern=&#8221;without_pattern&#8221; z_index=&#8221;&#8221; css=&#8221;.vc_custom_1594897571388{background-color: #f1f1f1 !important;}&#8221;][vc_column el_class=&#8221;reason&#8221;][vc_raw_html css=&#8221;&#8221;]JTVCc2MlMjBuYW1lJTNEJTIycmVhc29uc19zb29tZSUyMiU1RCU1QiUyRnNjJTVE[\/vc_raw_html][\/vc_column][\/vc_row][vc_row css_animation=&#8221;&#8221; row_type=&#8221;row&#8221; use_row_as_full_screen_section=&#8221;no&#8221; type=&#8221;full_width&#8221; angled_section=&#8221;no&#8221; text_align=&#8221;left&#8221; background_image_as_pattern=&#8221;without_pattern&#8221; z_index=&#8221;&#8221; el_class=&#8221;best-uses&#8221;][vc_column offset=&#8221;vc_col-md-12&#8243; el_class=&#8221;best-use&#8221;][vc_raw_html css=&#8221;&#8221;]JTVCc2MlMjBuYW1lJTNEJTIyYmVzdF91c2VzX3Nvb21lJTIyJTVEJTVCJTJGc2MlNUQ=[\/vc_raw_html][\/vc_column][\/vc_row][vc_row css_animation=&#8221;&#8221; row_type=&#8221;row&#8221; use_row_as_full_screen_section=&#8221;no&#8221; type=&#8221;grid&#8221; angled_section=&#8221;no&#8221; text_align=&#8221;left&#8221; background_image_as_pattern=&#8221;without_pattern&#8221; el_class=&#8221;section our-technology&#8221; z_index=&#8221;&#8221;][vc_column width=&#8221;7\/12&#8243;][vc_column_text css=&#8221;&#8221; el_class=&#8221;section__title&#8221;]<\/p>\n<h2>JALOSTAMME PUUN HIILT\u00c4M\u00c4LL\u00c4 SEN AIDOLLA TULELLA<\/h2>\n<p>[\/vc_column_text][vc_column_text css=&#8221;&#8221; el_class=&#8221;section__title-small&#8221;]<\/p>\n<h5>Ajaton ulkon\u00e4k\u00f6, luonnollinen ja kest\u00e4v\u00e4!<\/h5>\n<p>[\/vc_column_text][vc_column_text css=&#8221;&#8221; el_class=&#8221;section__text&#8221;]L\u00e4hes tuhat vuotta sitten japanilaiset puusep\u00e4t keksiv\u00e4t tuolloin uuden yakisugi-teknologian, joka pidensi puun k\u00e4ytt\u00f6ik\u00e4\u00e4 vuosikymmenill\u00e4. Yakisugin pitk\u00e4ik\u00e4isyyden lis\u00e4ksi t\u00e4m\u00e4 teknologia tunnetaan nyky\u00e4\u00e4n maailmanlaajuisesti ainutlaatuisesta ja eksklusiivisesta ulkon\u00e4\u00f6st\u00e4\u00e4n.<\/p>\n<p>Nyky\u00e4\u00e4n k\u00e4yt\u00e4mme puun hiilt\u00e4misen modernia teknologiaa, mik\u00e4 tekee lopputuotteesta entist\u00e4 kest\u00e4v\u00e4mm\u00e4n ja ilman kemikaalien k\u00e4ytt\u00f6\u00e4.Hiiltynyt pinta hylkii my\u00f6s vett\u00e4 ja est\u00e4\u00e4 sen imeytymist\u00e4 puun rakenteisiin.<\/p>\n<p>Hiilt\u00e4minen ei ainoastaan paranna puun ominaisuuksia, kuten sen s\u00e4\u00e4n- ja lahonkest\u00e4vyytt\u00e4, vaan luo my\u00f6s luonnollista, kaunista pintaa, joka on suosittua nykyaikaisessa arkkitehtuurissa ja sisustuksessa.<\/p>\n<p>Menetelm\u00e4 on nimetty Japanissa, jossa se tunnetaan nimell\u00e4 yakisugi, joka tarkoittaa suoraan suomeksi k\u00e4\u00e4nnettyn\u00e4 \u201cjapaninsetrin l\u00e4mmitt\u00e4mist\u00e4 tulella\u201d.<\/p>\n<p><strong>Kaiken lis\u00e4ksi puun hiilt\u00e4minen tuo esiin puun luonnollisen luonteen ja kuvioiden leikin.<\/strong>[\/vc_column_text]\n\n\t<a href=\"https:\/\/yakisugi.ee\/fi\/tooted\/\" target=\"_self\" style=\"color: #161616\" class=\"qode-btn qode-btn-medium qode-btn-solid qode-btn-custom-hover-color section-btn qode-btn-default-hover\" data-hover-color=\"#161616\" >\n\t    <span class=\"qode-btn-text\">TUTUSTU TUOTTEISIIN<\/span>\t<\/a>\n\n[\/vc_column][vc_column width=&#8221;5\/12&#8243;][vc_row_inner row_type=&#8221;row&#8221; type=&#8221;full_width&#8221; text_align=&#8221;left&#8221; css_animation=&#8221;&#8221; css=&#8221;.vc_custom_1594902670234{padding-right: 0px !important;padding-left: 0px !important;}&#8221; el_class=&#8221;our-technology-benefit&#8221;][vc_column_inner width=&#8221;1\/4&#8243;][vc_single_image image=&#8221;628&#8243; img_size=&#8221;full&#8221; alignment=&#8221;right&#8221; qode_css_animation=&#8221;&#8221; el_class=&#8221;our-technology-benefit__image&#8221;][\/vc_column_inner][vc_column_inner width=&#8221;3\/4&#8243;][vc_column_text css=&#8221;&#8221; el_class=&#8221;our-technology-benefit__title&#8221;]<\/p>\n<h3>Pelastetaan luonto<\/h3>\n<p>[\/vc_column_text][vc_column_text css=&#8221;&#8221; el_class=&#8221;our-technology-benefit__text&#8221;]YAKISUGI-teknologiamme on sopusoinnussa luonnon kanssa. Kemikaaleja ei k\u00e4ytet\u00e4, mik\u00e4 suojelee luontoa![\/vc_column_text][\/vc_column_inner][\/vc_row_inner][vc_row_inner row_type=&#8221;row&#8221; type=&#8221;full_width&#8221; text_align=&#8221;left&#8221; css_animation=&#8221;&#8221; css=&#8221;.vc_custom_1594902670234{padding-right: 0px !important;padding-left: 0px !important;}&#8221; el_class=&#8221;our-technology-benefit&#8221;][vc_column_inner width=&#8221;1\/4&#8243;][vc_single_image image=&#8221;629&#8243; img_size=&#8221;full&#8221; alignment=&#8221;right&#8221; qode_css_animation=&#8221;&#8221; el_class=&#8221;our-technology-benefit__image&#8221;][\/vc_column_inner][vc_column_inner width=&#8221;3\/4&#8243;][vc_column_text css=&#8221;&#8221; el_class=&#8221;our-technology-benefit__title&#8221;]<\/p>\n<h3>Modernisoidut perinteet<\/h3>\n<p>[\/vc_column_text][vc_column_text css=&#8221;&#8221; el_class=&#8221;our-technology-benefit__text&#8221;]Tuhannen vuoden takaiseen verrattuna YAKISUGI-teknologia on parantunut ja pident\u00e4nyt puun k\u00e4ytt\u00f6ik\u00e4\u00e4 entisest\u00e4\u00e4n.[\/vc_column_text][\/vc_column_inner][\/vc_row_inner][vc_row_inner row_type=&#8221;row&#8221; type=&#8221;full_width&#8221; text_align=&#8221;left&#8221; css_animation=&#8221;&#8221; css=&#8221;.vc_custom_1594902670234{padding-right: 0px !important;padding-left: 0px !important;}&#8221; el_class=&#8221;our-technology-benefit&#8221;][vc_column_inner width=&#8221;1\/4&#8243;][vc_single_image image=&#8221;630&#8243; img_size=&#8221;full&#8221; alignment=&#8221;right&#8221; qode_css_animation=&#8221;&#8221; el_class=&#8221;our-technology-benefit__image&#8221;][\/vc_column_inner][vc_column_inner width=&#8221;3\/4&#8243;][vc_column_text css=&#8221;&#8221; el_class=&#8221;our-technology-benefit__title&#8221;]<\/p>\n<h3>Ainutlaatuinen koostumus<\/h3>\n<p>[\/vc_column_text][vc_column_text css=&#8221;&#8221; el_class=&#8221;our-technology-benefit__text&#8221;]Puun hiilt\u00e4minen ja harjaaminen luo aina ainutlaatuisen pinnan. Kaikki puulastut ovat erilaisia, mutta sopivat yhteen.[\/vc_column_text][\/vc_column_inner][\/vc_row_inner][\/vc_column][\/vc_row][vc_row row_type=&#8221;parallax&#8221; parallax_content_width=&#8221;in_grid&#8221; text_align=&#8221;left&#8221; background_image=&#8221;341&#8243; full_screen_section_height=&#8221;no&#8221;][vc_column css=&#8221;.vc_custom_1744039877390{padding-top: 50px !important;padding-bottom: 50px !important;}&#8221;][vc_column_text css=&#8221;&#8221;]<\/p>\n<h1><span style=\"color: #ffffff;\" data-darkreader-inline-color=\"\">Yakisugi-k\u00e4sittelytekniikka<\/span><\/h1>\n<p>[\/vc_column_text][vc_separator type=&#8221;small&#8221; position=&#8221;left&#8221; color=&#8221;#ffffff&#8221; transparency=&#8221;1&#8243; thickness=&#8221;1&#8243; width=&#8221;63&#8243; up=&#8221;24&#8243; down=&#8221;35&#8243;][vc_column_text css=&#8221;&#8221;]<span style=\"color: #ffffff;\" data-darkreader-inline-color=\"\">Japanista l\u00e4ht\u00f6isin oleva tekniikka antaa puulle uuden ja ainutlaatuisen ulkon\u00e4\u00f6n sek\u00e4 kest\u00e4vyyden. K\u00e4ytt\u00e4m\u00e4mme teknologia mahdollistaa lopputuotteen valmistamisen erilaisilla polttoasteilla ja ulkon\u00e4\u00f6ill\u00e4. Polttotasoa voidaan s\u00e4\u00e4t\u00e4\u00e4 hieman savuisesta pikimustaan, mik\u00e4 antaa tyylik\u00e4st\u00e4 ja kest\u00e4v\u00e4\u00e4 arvoa kotisi julkisivuille, terasseille ja katoille.<\/span>[\/vc_column_text][\/vc_column][\/vc_row][vc_row css_animation=&#8221;&#8221; row_type=&#8221;row&#8221; use_row_as_full_screen_section=&#8221;no&#8221; type=&#8221;full_width&#8221; angled_section=&#8221;no&#8221; text_align=&#8221;left&#8221; background_image_as_pattern=&#8221;without_pattern&#8221;][vc_column][vc_raw_html]JTVCZ2FsZXJpaSUyMGlkJTNEJTIyNjM4JTIyJTVE[\/vc_raw_html][\/vc_column][\/vc_row]<\/p>\n<\/div>","protected":false},"excerpt":{"rendered":"<p>[vc_row css_animation=&#8221;&#8221; row_type=&#8221;row&#8221; use_row_as_full_screen_section=&#8221;no&#8221; type=&#8221;full_width&#8221; angled_section=&#8221;no&#8221; text_align=&#8221;left&#8221; background_image_as_pattern=&#8221;without_pattern&#8221; z_index=&#8221;&#8221;][vc_column][rev_slider_vc alias=&#8221;home-slider&#8221;][\/vc_column][\/vc_row][vc_row css_animation=&#8221;&#8221; row_type=&#8221;row&#8221; use_row_as_full_screen_section=&#8221;yes&#8221; type=&#8221;full_width&#8221; angled_section=&#8221;no&#8221; text_align=&#8221;left&#8221; background_image_as_pattern=&#8221;without_pattern&#8221; z_index=&#8221;&#8221; css=&#8221;.vc_custom_1594897571388{background-color: #f1f1f1 !important;}&#8221;][vc_column el_class=&#8221;reason&#8221;][vc_raw_html css=&#8221;&#8221;]JTVCc2MlMjBuYW1lJTNEJTIycmVhc29uc19zb29tZSUyMiU1RCU1QiUyRnNjJTVE[\/vc_raw_html][\/vc_column][\/vc_row][vc_row css_animation=&#8221;&#8221; row_type=&#8221;row&#8221; use_row_as_full_screen_section=&#8221;no&#8221; type=&#8221;full_width&#8221; angled_section=&#8221;no&#8221; text_align=&#8221;left&#8221; background_image_as_pattern=&#8221;without_pattern&#8221; z_index=&#8221;&#8221; el_class=&#8221;best-uses&#8221;][vc_column offset=&#8221;vc_col-md-12&#8243; el_class=&#8221;best-use&#8221;][vc_raw_html css=&#8221;&#8221;]JTVCc2MlMjBuYW1lJTNEJTIyYmVzdF91c2VzX3Nvb21lJTIyJTVEJTVCJTJGc2MlNUQ=[\/vc_raw_html][\/vc_column][\/vc_row][vc_row css_animation=&#8221;&#8221; row_type=&#8221;row&#8221; use_row_as_full_screen_section=&#8221;no&#8221; type=&#8221;grid&#8221; angled_section=&#8221;no&#8221; text_align=&#8221;left&#8221; background_image_as_pattern=&#8221;without_pattern&#8221; el_class=&#8221;section our-technology&#8221; z_index=&#8221;&#8221;][vc_column&#8230;<\/p>\n","protected":false},"author":4,"featured_media":0,"parent":0,"menu_order":0,"comment_status":"closed","ping_status":"closed","template":"full_width.php","meta":{"_acf_changed":false,"footnotes":""},"class_list":["post-2580","page","type-page","status-publish","hentry"],"acf":[],"aioseo_notices":[],"_links":{"self":[{"href":"https:\/\/yakisugi.ee\/fi\/wp-json\/wp\/v2\/pages\/2580","targetHints":{"allow":["GET"]}}],"collection":[{"href":"https:\/\/yakisugi.ee\/fi\/wp-json\/wp\/v2\/pages"}],"about":[{"href":"https:\/\/yakisugi.ee\/fi\/wp-json\/wp\/v2\/types\/page"}],"author":[{"embeddable":true,"href":"https:\/\/yakisugi.ee\/fi\/wp-json\/wp\/v2\/users\/4"}],"replies":[{"embeddable":true,"href":"https:\/\/yakisugi.ee\/fi\/wp-json\/wp\/v2\/comments?post=2580"}],"version-history":[{"count":9,"href":"https:\/\/yakisugi.ee\/fi\/wp-json\/wp\/v2\/pages\/2580\/revisions"}],"predecessor-version":[{"id":3154,"href":"https:\/\/yakisugi.ee\/fi\/wp-json\/wp\/v2\/pages\/2580\/revisions\/3154"}],"wp:attachment":[{"href":"https:\/\/yakisugi.ee\/fi\/wp-json\/wp\/v2\/media?parent=2580"}],"curies":[{"name":"wp","href":"https:\/\/api.w.org\/{rel}","templated":true}]}}