{"id":2591,"date":"2018-11-02T08:23:22","date_gmt":"2018-11-02T06:23:22","guid":{"rendered":"https:\/\/yakisugi.ee\/yakisugi\/"},"modified":"2025-11-20T14:30:22","modified_gmt":"2025-11-20T12:30:22","slug":"yakisugi","status":"publish","type":"page","link":"https:\/\/yakisugi.ee\/fi\/yakisugi\/","title":{"rendered":"Yakisugi"},"content":{"rendered":"<div class=\"wpb-content-wrapper\"><p>[vc_row css_animation=&#8221;&#8221; row_type=&#8221;row&#8221; use_row_as_full_screen_section=&#8221;no&#8221; type=&#8221;grid&#8221; angled_section=&#8221;no&#8221; text_align=&#8221;left&#8221; background_image_as_pattern=&#8221;without_pattern&#8221; padding_top=&#8221;50&#8243; padding_bottom=&#8221;50&#8243; z_index=&#8221;&#8221;][vc_column width=&#8221;1\/2&#8243;][vc_single_image image=&#8221;373&#8243; img_size=&#8221;full&#8221; qode_css_animation=&#8221;&#8221;][vc_empty_space][\/vc_column][vc_column width=&#8221;1\/2&#8243;][vc_column_text]<\/p>\n<h2>Mit\u00e4 tarkoittaa YAKISUGI?<\/h2>\n<p>[\/vc_column_text][vc_separator type=&#8221;small&#8221; position=&#8221;left&#8221; color=&#8221;#0a0a0a&#8221; transparency=&#8221;1&#8243; thickness=&#8221;1&#8243; width=&#8221;63&#8243; up=&#8221;33&#8243; down=&#8221;45&#8243;][vc_column_text]Yakisugi &#8211; Japanista per\u00e4isin oleva puunhiillostus tekniikka eroaa muista puunsuojaustekniikoista, pitk\u00e4ik\u00e4isyydell\u00e4\u00e4n, kest\u00e4vyydell\u00e4\u00e4n ja ihanteellisilla ominaisuuksiksillaan ulkok\u00e4ytt\u00f6\u00f6n. T\u00e4t\u00e4 tekniikkaa on k\u00e4ytetty laajalti Japanissa vuosisatojen ajan, ja se on my\u00f6s osoittautunut erinomaisen kest\u00e4v\u00e4ksi my\u00f6s silloin, kun ilmasto-olosuhteet vaihtelevat trooppisesta kuumuudesta pohjoisen kuivaan ja kylm\u00e4\u00e4n ilmaan.<\/p>\n<p>&nbsp;<\/p>\n<p>Puunhiillostus on t\u00e4ysin luonnollinen tapa k\u00e4sitell\u00e4 puuta, t\u00e4m\u00e4 tarjoaa my\u00f6s miellytt\u00e4v\u00e4n esteettisen ilmeen. Puunjalostusprosessin aikana puun luonnolliset v\u00e4rit ja kuviot korostuvat ja puukuvio korostuu. Puusta tulee my\u00f6s eritt\u00e4in vastustuskykyinen eri tuhoja vastaan(UV-s\u00e4teily, vesi, hy\u00f6nteiset, laho). Eli Yakisugi ei ole pelk\u00e4st\u00e4\u00e4n visuaalisesti n\u00e4ytt\u00e4v\u00e4\u00e4, vaan my\u00f6s eritt\u00e4in suojaava tekniikka.[\/vc_column_text][\/vc_column][\/vc_row][vc_row css_animation=&#8221;&#8221; row_type=&#8221;row&#8221; use_row_as_full_screen_section=&#8221;no&#8221; type=&#8221;grid&#8221; angled_section=&#8221;no&#8221; text_align=&#8221;left&#8221; background_image_as_pattern=&#8221;without_pattern&#8221; padding_top=&#8221;50&#8243; padding_bottom=&#8221;100&#8243; z_index=&#8221;&#8221;][vc_column width=&#8221;1\/2&#8243;][vc_single_image image=&#8221;374&#8243; img_size=&#8221;full&#8221; qode_css_animation=&#8221;&#8221;][vc_empty_space][\/vc_column][vc_column width=&#8221;1\/2&#8243;][vc_column_text]Kuolleen puun luonnollisen keston ja ulkon\u00e4\u00f6n varmistamiseksi vuosikymmenien ajaksi, on t\u00e4rke\u00e4\u00e4, ett\u00e4 puu julkisivu voidellaan luonnollisilla \u00f6ljyill\u00e4.<\/p>\n<p>&nbsp;<\/p>\n<p>Yakisugi puun k\u00e4sittelytekniikkaa on k\u00e4ytetty laajalti antiikin japanilaisissa temppeleiss\u00e4,josta johtuen nyky\u00e4\u00e4n se soveltuu erinomaisesti kodin terassien rakentamiseen. Yakisugi tekniikka yhdist\u00e4\u00e4 kolme elementti\u00e4 &#8211; maa (puu), tuli ja vesi.<\/p>\n<p>&nbsp;<\/p>\n<p>Lopullinen tulos paljaiden varpaiden alla on luonnollinen puu terassi, joka seuraa ruumiin l\u00e4mp\u00f6\u00e4 ja energiaa. Vaikka t\u00e4llainen puun k\u00e4sittely ratkaisu on hyvin kest\u00e4v\u00e4 (se voi kest\u00e4\u00e4 jopa 100 vuotta), on terassia joskus \u00f6ljytt\u00e4v\u00e4, jotta vuosisadan luonnonkauneus s\u00e4ilyisi.[\/vc_column_text][\/vc_column][\/vc_row][vc_row css_animation=&#8221;&#8221; row_type=&#8221;row&#8221; use_row_as_full_screen_section=&#8221;no&#8221; type=&#8221;grid&#8221; angled_section=&#8221;no&#8221; text_align=&#8221;left&#8221; background_image_as_pattern=&#8221;without_pattern&#8221; z_index=&#8221;&#8221; css=&#8221;.vc_custom_1541502154108{padding-top: 40px !important;padding-bottom: 40px !important;}&#8221;][vc_column width=&#8221;1\/2&#8243;]<div class=\"qode-advanced-image-gallery  qode-aig-grid-type qode-small-space  qode-image-behavior-lightbox \">\n\t<div class=\"qode-aig-inner qode-outer-space qode-aig-grid qode-aig-two-columns\">\n\t\t\t\t\t<div class=\"qode-aig-image qode-item-space\">\n\t\t\t\t<div class=\"qode-aig-image-inner\">\n\t\t\t\t\t\t\t\t\t\t\t<a itemprop=\"image\" class=\"qode-aig-lightbox\" href=\"https:\/\/yakisugi.ee\/wp-content\/uploads\/2018\/11\/wood1.jpg\" data-rel=\"prettyPhoto[image_gallery_pretty_photo-970]\" title=\"wood1\">\n\t\t\t\t\t\t\t\t\t\t\t<img decoding=\"async\" width=\"700\" height=\"700\" src=\"https:\/\/yakisugi.ee\/wp-content\/uploads\/2018\/11\/wood1.jpg\" class=\"attachment-full size-full\" alt=\"\" srcset=\"https:\/\/yakisugi.ee\/wp-content\/uploads\/2018\/11\/wood1.jpg 700w, https:\/\/yakisugi.ee\/wp-content\/uploads\/2018\/11\/wood1-300x300.jpg 300w, https:\/\/yakisugi.ee\/wp-content\/uploads\/2018\/11\/wood1-150x150.jpg 150w, https:\/\/yakisugi.ee\/wp-content\/uploads\/2018\/11\/wood1-570x570.jpg 570w, https:\/\/yakisugi.ee\/wp-content\/uploads\/2018\/11\/wood1-500x500.jpg 500w\" sizes=\"(max-width: 700px) 100vw, 700px\" \/>\t\t\t\t\t\t<span class=\"aig-gallery-hover\">\n\t\t\t\t\t\t\t\t\t\t\t\t\t\t\t<span class=\"icon-arrows-plus\"><\/span> \n\t\t\t\t\t\t\t\t\t\t\t\t\t<\/span>\n\t\t\t\t\t\t\t\t\t\t\t<\/a>\n\t\t\t\t\t\t\t\t\t<\/div>\n\t\t\t<\/div>\n\t\t\t\t\t<div class=\"qode-aig-image qode-item-space\">\n\t\t\t\t<div class=\"qode-aig-image-inner\">\n\t\t\t\t\t\t\t\t\t\t\t<a itemprop=\"image\" class=\"qode-aig-lightbox\" href=\"https:\/\/yakisugi.ee\/wp-content\/uploads\/2018\/11\/wood2.jpg\" data-rel=\"prettyPhoto[image_gallery_pretty_photo-970]\" title=\"wood2\">\n\t\t\t\t\t\t\t\t\t\t\t<img decoding=\"async\" width=\"700\" height=\"700\" src=\"https:\/\/yakisugi.ee\/wp-content\/uploads\/2018\/11\/wood2.jpg\" class=\"attachment-full size-full\" alt=\"\" srcset=\"https:\/\/yakisugi.ee\/wp-content\/uploads\/2018\/11\/wood2.jpg 700w, https:\/\/yakisugi.ee\/wp-content\/uploads\/2018\/11\/wood2-300x300.jpg 300w, https:\/\/yakisugi.ee\/wp-content\/uploads\/2018\/11\/wood2-150x150.jpg 150w, https:\/\/yakisugi.ee\/wp-content\/uploads\/2018\/11\/wood2-570x570.jpg 570w, https:\/\/yakisugi.ee\/wp-content\/uploads\/2018\/11\/wood2-500x500.jpg 500w\" sizes=\"(max-width: 700px) 100vw, 700px\" \/>\t\t\t\t\t\t<span class=\"aig-gallery-hover\">\n\t\t\t\t\t\t\t\t\t\t\t\t\t\t\t<span class=\"icon-arrows-plus\"><\/span> \n\t\t\t\t\t\t\t\t\t\t\t\t\t<\/span>\n\t\t\t\t\t\t\t\t\t\t\t<\/a>\n\t\t\t\t\t\t\t\t\t<\/div>\n\t\t\t<\/div>\n\t\t\t\t\t<div class=\"qode-aig-image qode-item-space\">\n\t\t\t\t<div class=\"qode-aig-image-inner\">\n\t\t\t\t\t\t\t\t\t\t\t<a itemprop=\"image\" class=\"qode-aig-lightbox\" href=\"https:\/\/yakisugi.ee\/wp-content\/uploads\/2018\/11\/wood3.jpg\" data-rel=\"prettyPhoto[image_gallery_pretty_photo-970]\" title=\"\">\n\t\t\t\t\t\t\t\t\t\t\t<img decoding=\"async\" width=\"700\" height=\"700\" src=\"https:\/\/yakisugi.ee\/wp-content\/uploads\/2018\/11\/wood3.jpg\" class=\"attachment-full size-full\" alt=\"\" srcset=\"https:\/\/yakisugi.ee\/wp-content\/uploads\/2018\/11\/wood3.jpg 700w, https:\/\/yakisugi.ee\/wp-content\/uploads\/2018\/11\/wood3-300x300.jpg 300w, https:\/\/yakisugi.ee\/wp-content\/uploads\/2018\/11\/wood3-150x150.jpg 150w, https:\/\/yakisugi.ee\/wp-content\/uploads\/2018\/11\/wood3-570x570.jpg 570w, https:\/\/yakisugi.ee\/wp-content\/uploads\/2018\/11\/wood3-500x500.jpg 500w\" sizes=\"(max-width: 700px) 100vw, 700px\" \/>\t\t\t\t\t\t<span class=\"aig-gallery-hover\">\n\t\t\t\t\t\t\t\t\t\t\t\t\t\t\t<span class=\"icon-arrows-plus\"><\/span> \n\t\t\t\t\t\t\t\t\t\t\t\t\t<\/span>\n\t\t\t\t\t\t\t\t\t\t\t<\/a>\n\t\t\t\t\t\t\t\t\t<\/div>\n\t\t\t<\/div>\n\t\t\t\t\t<div class=\"qode-aig-image qode-item-space\">\n\t\t\t\t<div class=\"qode-aig-image-inner\">\n\t\t\t\t\t\t\t\t\t\t\t<a itemprop=\"image\" class=\"qode-aig-lightbox\" href=\"https:\/\/yakisugi.ee\/wp-content\/uploads\/2018\/11\/wood5.jpg\" data-rel=\"prettyPhoto[image_gallery_pretty_photo-970]\" title=\"wood5\">\n\t\t\t\t\t\t\t\t\t\t\t<img decoding=\"async\" width=\"700\" height=\"700\" src=\"https:\/\/yakisugi.ee\/wp-content\/uploads\/2018\/11\/wood5.jpg\" class=\"attachment-full size-full\" alt=\"\" srcset=\"https:\/\/yakisugi.ee\/wp-content\/uploads\/2018\/11\/wood5.jpg 700w, https:\/\/yakisugi.ee\/wp-content\/uploads\/2018\/11\/wood5-300x300.jpg 300w, https:\/\/yakisugi.ee\/wp-content\/uploads\/2018\/11\/wood5-150x150.jpg 150w, https:\/\/yakisugi.ee\/wp-content\/uploads\/2018\/11\/wood5-570x570.jpg 570w, https:\/\/yakisugi.ee\/wp-content\/uploads\/2018\/11\/wood5-500x500.jpg 500w\" sizes=\"(max-width: 700px) 100vw, 700px\" \/>\t\t\t\t\t\t<span class=\"aig-gallery-hover\">\n\t\t\t\t\t\t\t\t\t\t\t\t\t\t\t<span class=\"icon-arrows-plus\"><\/span> \n\t\t\t\t\t\t\t\t\t\t\t\t\t<\/span>\n\t\t\t\t\t\t\t\t\t\t\t<\/a>\n\t\t\t\t\t\t\t\t\t<\/div>\n\t\t\t<\/div>\n\t\t\t<\/div>\n<\/div>[vc_empty_space][\/vc_column][vc_column width=&#8221;1\/2&#8243;][vc_column_text css=&#8221;&#8221;]<\/p>\n<h2>Julkisivu<\/h2>\n<p>[\/vc_column_text][vc_column_text]Yakisugi &#8211; Japanista per\u00e4isin oleva puunhiillostus tekniikka eroaa muista puunsuojaustekniikoista, pitk\u00e4ik\u00e4isyydell\u00e4\u00e4n, kest\u00e4vyydell\u00e4\u00e4n ja ihanteellisilla ominaisuuksiksillaan ulkok\u00e4ytt\u00f6\u00f6n. T\u00e4t\u00e4 tekniikkaa on k\u00e4ytetty laajalti Japanissa vuosisatojen ajan, ja se on my\u00f6s osoittautunut erinomaisen kest\u00e4v\u00e4ksi my\u00f6s silloin, kun ilmasto-olosuhteet vaihtelevat trooppisesta kuumuudesta pohjoisen kuivaan ja kylm\u00e4\u00e4n ilmaan.<\/p>\n<p>&nbsp;<\/p>\n<p>Puunhiillostus on t\u00e4ysin luonnollinen tapa k\u00e4sitell\u00e4 puuta, t\u00e4m\u00e4 tarjoaa my\u00f6s miellytt\u00e4v\u00e4n esteettisen ilmeen. Puunjalostusprosessin aikana puun luonnolliset v\u00e4rit ja kuviot korostuvat ja puukuvio korostuu. Puusta tulee my\u00f6s eritt\u00e4in vastustuskykyinen eri tuhoja vastaan(UV-s\u00e4teily, vesi, hy\u00f6nteiset, laho). Eli Yakisugi ei ole pelk\u00e4st\u00e4\u00e4n visuaalisesti n\u00e4ytt\u00e4v\u00e4\u00e4, vaan my\u00f6s eritt\u00e4in suojaava tekniikka.<\/p>\n<p>&nbsp;<\/p>\n<p>Kuolleen puun luonnollisen keston ja ulkon\u00e4\u00f6n varmistamiseksi vuosikymmenien ajaksi, on t\u00e4rke\u00e4\u00e4, ett\u00e4 puu julkisivu voidellaan luonnollisilla \u00f6ljyill\u00e4.<\/p>\n<p>&nbsp;<\/p>\n<p><strong>T\u00e4yt\u00e4 alla oleva lomake saadaksesi tarjouksen! tai jos sinulla on muuta kysytt\u00e4v\u00e4\u00e4.<\/strong>[\/vc_column_text][vc_empty_space]\n<div class=\"wpcf7 no-js\" id=\"wpcf7-f422-o1\" lang=\"en-US\" dir=\"ltr\" data-wpcf7-id=\"422\">\n<div class=\"screen-reader-response\"><p role=\"status\" aria-live=\"polite\" aria-atomic=\"true\"><\/p> <ul><\/ul><\/div>\n<form action=\"\/fi\/wp-json\/wp\/v2\/pages\/2591#wpcf7-f422-o1\" method=\"post\" class=\"wpcf7-form init cf7_custom_style_2\" aria-label=\"Contact form\" novalidate=\"novalidate\" data-status=\"init\">\n<fieldset class=\"hidden-fields-container\"><input type=\"hidden\" name=\"_wpcf7\" value=\"422\" \/><input type=\"hidden\" name=\"_wpcf7_version\" value=\"6.1.5\" \/><input type=\"hidden\" name=\"_wpcf7_locale\" value=\"en_US\" \/><input type=\"hidden\" name=\"_wpcf7_unit_tag\" value=\"wpcf7-f422-o1\" \/><input type=\"hidden\" name=\"_wpcf7_container_post\" value=\"0\" \/><input type=\"hidden\" name=\"_wpcf7_posted_data_hash\" value=\"\" \/><input type=\"hidden\" name=\"_wpcf7cf_hidden_group_fields\" value=\"[]\" \/><input type=\"hidden\" name=\"_wpcf7cf_hidden_groups\" value=\"[]\" \/><input type=\"hidden\" name=\"_wpcf7cf_visible_groups\" value=\"[]\" \/><input type=\"hidden\" name=\"_wpcf7cf_repeaters\" value=\"[]\" \/><input type=\"hidden\" name=\"_wpcf7cf_steps\" value=\"{}\" \/><input type=\"hidden\" name=\"_wpcf7cf_options\" value=\"{&quot;form_id&quot;:422,&quot;conditions&quot;:[],&quot;settings&quot;:{&quot;animation&quot;:&quot;yes&quot;,&quot;animation_intime&quot;:200,&quot;animation_outtime&quot;:200,&quot;conditions_ui&quot;:&quot;normal&quot;,&quot;notice_dismissed&quot;:false,&quot;notice_dismissed_update-cf7-6.0.6&quot;:true}}\" \/><input type=\"hidden\" name=\"_wpcf7_recaptcha_response\" value=\"\" \/>\n<\/fieldset>\n<div><span class=\"wpcf7-form-control-wrap\" data-name=\"your-name\"><input size=\"40\" maxlength=\"400\" class=\"wpcf7-form-control wpcf7-text wpcf7-validates-as-required\" aria-required=\"true\" aria-invalid=\"false\" placeholder=\"Nimi*\" value=\"\" type=\"text\" name=\"your-name\" \/><\/span><\/div>\n<div><span class=\"wpcf7-form-control-wrap\" data-name=\"your-email\"><input size=\"40\" maxlength=\"400\" class=\"wpcf7-form-control wpcf7-text wpcf7-validates-as-required\" aria-required=\"true\" aria-invalid=\"false\" placeholder=\"E-mail*\" value=\"\" type=\"text\" name=\"your-email\" \/><\/span><\/div>\n<div><span class=\"wpcf7-form-control-wrap\" data-name=\"your-subject\"><input size=\"40\" maxlength=\"400\" class=\"wpcf7-form-control wpcf7-text wpcf7-validates-as-required\" aria-required=\"true\" aria-invalid=\"false\" placeholder=\"Aihe*\" value=\"\" type=\"text\" name=\"your-subject\" \/><\/span><\/div>\n<div><span class=\"wpcf7-form-control-wrap\" data-name=\"your-message\"><textarea cols=\"40\" rows=\"10\" maxlength=\"2000\" class=\"wpcf7-form-control wpcf7-textarea wpcf7-validates-as-required\" aria-required=\"true\" aria-invalid=\"false\" placeholder=\"Viesti*\" name=\"your-message\"><\/textarea><\/span><\/div>\n<input class=\"wpcf7-form-control wpcf7-submit has-spinner\" type=\"submit\" value=\"L\u00e4het\u00e4\" \/><div class=\"wpcf7-response-output\" aria-hidden=\"true\"><\/div>\n<\/form>\n<\/div>\n[\/vc_column][\/vc_row]<\/p>\n<\/div>","protected":false},"excerpt":{"rendered":"<p>[vc_row css_animation=&#8221;&#8221; row_type=&#8221;row&#8221; use_row_as_full_screen_section=&#8221;no&#8221; type=&#8221;grid&#8221; angled_section=&#8221;no&#8221; text_align=&#8221;left&#8221; background_image_as_pattern=&#8221;without_pattern&#8221; padding_top=&#8221;50&#8243; padding_bottom=&#8221;50&#8243; z_index=&#8221;&#8221;][vc_column width=&#8221;1\/2&#8243;][vc_single_image image=&#8221;373&#8243; img_size=&#8221;full&#8221; qode_css_animation=&#8221;&#8221;][vc_empty_space][\/vc_column][vc_column width=&#8221;1\/2&#8243;][vc_column_text] Mit\u00e4 tarkoittaa YAKISUGI? [\/vc_column_text][vc_separator type=&#8221;small&#8221; position=&#8221;left&#8221; color=&#8221;#0a0a0a&#8221; transparency=&#8221;1&#8243; thickness=&#8221;1&#8243; width=&#8221;63&#8243; up=&#8221;33&#8243; down=&#8221;45&#8243;][vc_column_text]Yakisugi &#8211; Japanista per\u00e4isin oleva puunhiillostus tekniikka eroaa muista puunsuojaustekniikoista, pitk\u00e4ik\u00e4isyydell\u00e4\u00e4n, kest\u00e4vyydell\u00e4\u00e4n ja ihanteellisilla ominaisuuksiksillaan ulkok\u00e4ytt\u00f6\u00f6n. T\u00e4t\u00e4 tekniikkaa&#8230;<\/p>\n","protected":false},"author":4,"featured_media":0,"parent":0,"menu_order":0,"comment_status":"closed","ping_status":"closed","template":"full_width.php","meta":{"_acf_changed":false,"footnotes":""},"class_list":["post-2591","page","type-page","status-publish","hentry"],"acf":[],"aioseo_notices":[],"_links":{"self":[{"href":"https:\/\/yakisugi.ee\/fi\/wp-json\/wp\/v2\/pages\/2591","targetHints":{"allow":["GET"]}}],"collection":[{"href":"https:\/\/yakisugi.ee\/fi\/wp-json\/wp\/v2\/pages"}],"about":[{"href":"https:\/\/yakisugi.ee\/fi\/wp-json\/wp\/v2\/types\/page"}],"author":[{"embeddable":true,"href":"https:\/\/yakisugi.ee\/fi\/wp-json\/wp\/v2\/users\/4"}],"replies":[{"embeddable":true,"href":"https:\/\/yakisugi.ee\/fi\/wp-json\/wp\/v2\/comments?post=2591"}],"version-history":[{"count":2,"href":"https:\/\/yakisugi.ee\/fi\/wp-json\/wp\/v2\/pages\/2591\/revisions"}],"predecessor-version":[{"id":3162,"href":"https:\/\/yakisugi.ee\/fi\/wp-json\/wp\/v2\/pages\/2591\/revisions\/3162"}],"wp:attachment":[{"href":"https:\/\/yakisugi.ee\/fi\/wp-json\/wp\/v2\/media?parent=2591"}],"curies":[{"name":"wp","href":"https:\/\/api.w.org\/{rel}","templated":true}]}}