{"id":2444,"date":"2018-11-02T10:54:48","date_gmt":"2018-11-02T08:54:48","guid":{"rendered":"https:\/\/yakisugi.ee\/avaleht\/"},"modified":"2025-09-11T12:53:33","modified_gmt":"2025-09-11T09:53:33","slug":"startsida","status":"publish","type":"page","link":"https:\/\/yakisugi.ee\/sv\/","title":{"rendered":"Startsida"},"content":{"rendered":"<div class=\"wpb-content-wrapper\"><p>[vc_row css_animation=&#8221;&#8221; row_type=&#8221;row&#8221; use_row_as_full_screen_section=&#8221;no&#8221; type=&#8221;full_width&#8221; angled_section=&#8221;no&#8221; text_align=&#8221;left&#8221; background_image_as_pattern=&#8221;without_pattern&#8221; z_index=&#8221;&#8221;][vc_column][rev_slider_vc alias=&#8221;home-slider&#8221;][\/vc_column][\/vc_row][vc_row css_animation=&#8221;&#8221; row_type=&#8221;row&#8221; use_row_as_full_screen_section=&#8221;yes&#8221; type=&#8221;full_width&#8221; angled_section=&#8221;no&#8221; text_align=&#8221;left&#8221; background_image_as_pattern=&#8221;without_pattern&#8221; z_index=&#8221;&#8221; css=&#8221;.vc_custom_1594897571388{background-color: #f1f1f1 !important;}&#8221;][vc_column el_class=&#8221;reason&#8221;][vc_raw_html css=&#8221;&#8221;]JTVCc2MlMjBuYW1lJTNEJTIycmVhc29uc19yb290c2klMjIlNUQlNUIlMkZzYyU1RA==[\/vc_raw_html][\/vc_column][\/vc_row][vc_row css_animation=&#8221;&#8221; row_type=&#8221;row&#8221; use_row_as_full_screen_section=&#8221;no&#8221; type=&#8221;full_width&#8221; angled_section=&#8221;no&#8221; text_align=&#8221;left&#8221; background_image_as_pattern=&#8221;without_pattern&#8221; z_index=&#8221;&#8221; el_class=&#8221;best-uses&#8221;][vc_column offset=&#8221;vc_col-md-12&#8243; el_class=&#8221;best-use&#8221;][vc_raw_html css=&#8221;&#8221;]JTVCc2MlMjBuYW1lJTNEJTIyYmVzdF91c2VzX3Jvb3RzaSUyMiU1RCU1QiUyRnNjJTVE[\/vc_raw_html][\/vc_column][\/vc_row][vc_row css_animation=&#8221;&#8221; row_type=&#8221;row&#8221; use_row_as_full_screen_section=&#8221;no&#8221; type=&#8221;grid&#8221; angled_section=&#8221;no&#8221; text_align=&#8221;left&#8221; background_image_as_pattern=&#8221;without_pattern&#8221; el_class=&#8221;section our-technology&#8221; z_index=&#8221;&#8221;][vc_column width=&#8221;7\/12&#8243;][vc_column_text css=&#8221;&#8221; el_class=&#8221;section__title&#8221;]<\/p>\n<h2>SHOU SUGI BAN-TEKNIK<\/h2>\n<p>[\/vc_column_text][vc_column_text css=&#8221;&#8221; el_class=&#8221;section__title-small&#8221;]<\/p>\n<h5>TIDL\u00d6S DESIGN, NATURLIG OCH H\u00c5LLBAR!<\/h5>\n<p>[\/vc_column_text][vc_column_text css=&#8221;&#8221; el_class=&#8221;section__text&#8221;]F\u00f6r n\u00e4stan tusen \u00e5r sedan uppfann japanska tr\u00e4arbetare den d\u00e5 nya yakisugi-tekniken, som f\u00f6rl\u00e4ngde tr\u00e4ets livsl\u00e4ngd med \u00e5rtionden. F\u00f6rutom yakisugis l\u00e5nga livsl\u00e4ngd \u00e4r denna teknik ocks\u00e5 k\u00e4nd v\u00e4rlden \u00f6ver f\u00f6r sitt exklusiva och unika utseende.<\/p>\n<p>Idag anv\u00e4nder vi modern teknik f\u00f6r att br\u00e4nna tr\u00e4, vilket g\u00f6r slutprodukten \u00e4nnu mer h\u00e5llbar och utan att anv\u00e4nda kemikalier.<\/p>\n<p><strong>Dessutom framh\u00e4ver f\u00f6rbr\u00e4nning av tr\u00e4 tr\u00e4ets naturliga karakt\u00e4r och m\u00f6nster.<\/strong>[\/vc_column_text][vc_row_inner row_type=&#8221;row&#8221; type=&#8221;full_width&#8221; text_align=&#8221;left&#8221; css_animation=&#8221;&#8221;][vc_column_inner width=&#8221;1\/2&#8243;]\n\n\t<a href=\"https:\/\/yakisugi.ee\/sv\/kontakta\/\" target=\"_self\" style=\"color: #161616\" class=\"qode-btn qode-btn-medium qode-btn-solid qode-btn-custom-hover-color section-btn qode-btn-default-hover\" data-hover-color=\"#161616\" >\n\t    <span class=\"qode-btn-text\">KONTAKTA OSS<\/span>\t<\/a>\n\n[\/vc_column_inner][vc_column_inner width=&#8221;1\/2&#8243;]\n\n\t<a href=\"https:\/\/yakisugi.ee\/sv\/tooted\/\" target=\"_self\" style=\"color: #161616\" class=\"qode-btn qode-btn-medium qode-btn-solid qode-btn-custom-hover-color section-btn qode-btn-default-hover\" data-hover-color=\"#161616\" >\n\t    <span class=\"qode-btn-text\">L\u00c4R K\u00c4NNA PRODUKTERNA<\/span>\t<\/a>\n\n[\/vc_column_inner][\/vc_row_inner][\/vc_column][vc_column width=&#8221;5\/12&#8243;][vc_row_inner row_type=&#8221;row&#8221; type=&#8221;full_width&#8221; text_align=&#8221;left&#8221; css_animation=&#8221;&#8221; css=&#8221;.vc_custom_1594902670234{padding-right: 0px !important;padding-left: 0px !important;}&#8221; el_class=&#8221;our-technology-benefit&#8221;][vc_column_inner width=&#8221;1\/4&#8243;][vc_single_image image=&#8221;628&#8243; img_size=&#8221;full&#8221; alignment=&#8221;right&#8221; qode_css_animation=&#8221;&#8221; el_class=&#8221;our-technology-benefit__image&#8221;][\/vc_column_inner][vc_column_inner width=&#8221;3\/4&#8243;][vc_column_text css=&#8221;&#8221; el_class=&#8221;our-technology-benefit__title&#8221;]<\/p>\n<h3>L\u00c5T OSS SKYDDA MILJ\u00d6N<\/h3>\n<p>[\/vc_column_text][vc_column_text css=&#8221;&#8221; el_class=&#8221;our-technology-benefit__text&#8221;]V\u00e5r YAKISUGI-teknik \u00e4r i harmoni med naturen. Inga kemikalier anv\u00e4nds, vilket skyddar milj\u00f6n![\/vc_column_text][\/vc_column_inner][\/vc_row_inner][vc_row_inner row_type=&#8221;row&#8221; type=&#8221;full_width&#8221; text_align=&#8221;left&#8221; css_animation=&#8221;&#8221; css=&#8221;.vc_custom_1594902670234{padding-right: 0px !important;padding-left: 0px !important;}&#8221; el_class=&#8221;our-technology-benefit&#8221;][vc_column_inner width=&#8221;1\/4&#8243;][vc_single_image image=&#8221;629&#8243; img_size=&#8221;full&#8221; alignment=&#8221;right&#8221; qode_css_animation=&#8221;&#8221; el_class=&#8221;our-technology-benefit__image&#8221;][\/vc_column_inner][vc_column_inner width=&#8221;3\/4&#8243;][vc_column_text css=&#8221;&#8221; el_class=&#8221;our-technology-benefit__title&#8221;]<\/p>\n<h3>MODERNA TRADITIONER<\/h3>\n<p>[\/vc_column_text][vc_column_text css=&#8221;&#8221; el_class=&#8221;our-technology-benefit__text&#8221;]J\u00e4mf\u00f6rt med f\u00f6r tusen \u00e5r sedan har YAKISUGI-tekniken f\u00f6rb\u00e4ttrats och g\u00f6r tr\u00e4 \u00e4nnu mer h\u00e5llbart.[\/vc_column_text][\/vc_column_inner][\/vc_row_inner][vc_row_inner row_type=&#8221;row&#8221; type=&#8221;full_width&#8221; text_align=&#8221;left&#8221; css_animation=&#8221;&#8221; css=&#8221;.vc_custom_1594902670234{padding-right: 0px !important;padding-left: 0px !important;}&#8221; el_class=&#8221;our-technology-benefit&#8221;][vc_column_inner width=&#8221;1\/4&#8243;][vc_single_image image=&#8221;630&#8243; img_size=&#8221;full&#8221; alignment=&#8221;right&#8221; qode_css_animation=&#8221;&#8221; el_class=&#8221;our-technology-benefit__image&#8221;][\/vc_column_inner][vc_column_inner width=&#8221;3\/4&#8243;][vc_column_text css=&#8221;&#8221; el_class=&#8221;our-technology-benefit__title&#8221;]<\/p>\n<h3>UNIK STRUKTUR<\/h3>\n<p>[\/vc_column_text][vc_column_text css=&#8221;&#8221; el_class=&#8221;our-technology-benefit__text&#8221;]Br\u00e4nning och borstning skapar alltid en unik textur. Varje br\u00e4da \u00e4r unik men passar tillsammans.[\/vc_column_text][\/vc_column_inner][\/vc_row_inner][\/vc_column][\/vc_row][vc_row row_type=&#8221;parallax&#8221; parallax_content_width=&#8221;in_grid&#8221; text_align=&#8221;left&#8221; background_image=&#8221;341&#8243; full_screen_section_height=&#8221;no&#8221;][vc_column css=&#8221;.vc_custom_1744039877390{padding-top: 50px !important;padding-bottom: 50px !important;}&#8221;][vc_column_text css=&#8221;&#8221;]<\/p>\n<h2><span style=\"color: #ffffff;\" data-darkreader-inline-color=\"\">YAKISUGI-BEHANDLINGSTEKNIK<\/span><\/h2>\n<p>[\/vc_column_text][vc_separator type=&#8221;small&#8221; position=&#8221;left&#8221; color=&#8221;#ffffff&#8221; transparency=&#8221;1&#8243; thickness=&#8221;1&#8243; width=&#8221;63&#8243; up=&#8221;24&#8243; down=&#8221;35&#8243;][vc_column_text css=&#8221;&#8221;]<span style=\"color: #ffffff;\" data-darkreader-inline-color=\"\">Den japanska tekniken ger tr\u00e4et ett nytt och unikt utseende samt h\u00e5llbarhet. Vi kan justera br\u00e4nningsgraden \u2013 fr\u00e5n l\u00e4tt r\u00f6kton till kolsvart \u2013 f\u00f6r att erbjuda ett stilrent och h\u00e5llbart resultat till fasader, terrasser och innertak. Se mer i videon!<\/span>[\/vc_column_text][\/vc_column][\/vc_row][vc_row css_animation=&#8221;&#8221; row_type=&#8221;row&#8221; use_row_as_full_screen_section=&#8221;no&#8221; type=&#8221;grid&#8221; angled_section=&#8221;no&#8221; text_align=&#8221;left&#8221; background_image_as_pattern=&#8221;without_pattern&#8221; el_class=&#8221;section our-technology&#8221; z_index=&#8221;&#8221; css=&#8221;.vc_custom_1757582155919{padding-top: 4rem !important;}&#8221;][vc_column width=&#8221;5\/12&#8243;][vc_row_inner row_type=&#8221;row&#8221; type=&#8221;full_width&#8221; text_align=&#8221;left&#8221; css_animation=&#8221;&#8221; css=&#8221;.vc_custom_1594902670234{padding-right: 0px !important;padding-left: 0px !important;}&#8221; el_class=&#8221;our-technology-benefit&#8221;][vc_column_inner width=&#8221;1\/4&#8243;][vc_single_image image=&#8221;3067&#8243; img_size=&#8221;full&#8221; alignment=&#8221;right&#8221; css=&#8221;&#8221; qode_css_animation=&#8221;&#8221; el_class=&#8221;new-section-small-svg&#8221;][\/vc_column_inner][vc_column_inner width=&#8221;3\/4&#8243;][vc_column_text css=&#8221;&#8221; el_class=&#8221;our-technology-benefit__title&#8221;]<\/p>\n<h3>L\u00c5NG LIVSL\u00c4NGD OCH MINDRE UNDERH\u00c5LL<\/h3>\n<p>[\/vc_column_text][vc_column_text css=&#8221;&#8221; el_class=&#8221;our-technology-benefit__text&#8221;]Till skillnad fr\u00e5n m\u00e5nga andra tr\u00e4behandlingar kr\u00e4ver yakisugi minimalt underh\u00e5ll. Br\u00e4nningen skyddar tr\u00e4et mot r\u00f6ta, insekter och v\u00e4derp\u00e5verkan, vilket g\u00f6r det till ett smart val f\u00f6r dig som vill kombinera sk\u00f6nhet med praktiska f\u00f6rdelar.[\/vc_column_text][\/vc_column_inner][\/vc_row_inner][vc_row_inner row_type=&#8221;row&#8221; type=&#8221;full_width&#8221; text_align=&#8221;left&#8221; css_animation=&#8221;&#8221; css=&#8221;.vc_custom_1594902670234{padding-right: 0px !important;padding-left: 0px !important;}&#8221; el_class=&#8221;our-technology-benefit&#8221;][vc_column_inner width=&#8221;1\/4&#8243;][vc_single_image image=&#8221;3073&#8243; img_size=&#8221;full&#8221; alignment=&#8221;right&#8221; css=&#8221;&#8221; qode_css_animation=&#8221;&#8221; el_class=&#8221;new-section-small-svg&#8221;][\/vc_column_inner][vc_column_inner width=&#8221;3\/4&#8243;][vc_column_text css=&#8221;&#8221; el_class=&#8221;our-technology-benefit__title&#8221;]<\/p>\n<h3>ETT UNIKT ARKITEKTONISKT UTTRYCK<\/h3>\n<p>[\/vc_column_text][vc_column_text css=&#8221;&#8221; el_class=&#8221;our-technology-benefit__text&#8221;]Yakisugi ger varje fasad, altan eller innertak en egen identitet. Den djupa f\u00e4rgtonen och strukturen skapar ett levande material som f\u00f6r\u00e4ndras med ljuset och omgivningen \u2013 alltid elegant, alltid unikt.[\/vc_column_text][\/vc_column_inner][\/vc_row_inner][vc_row_inner row_type=&#8221;row&#8221; type=&#8221;full_width&#8221; text_align=&#8221;left&#8221; css_animation=&#8221;&#8221; css=&#8221;.vc_custom_1594902670234{padding-right: 0px !important;padding-left: 0px !important;}&#8221; el_class=&#8221;our-technology-benefit&#8221;][vc_column_inner width=&#8221;1\/4&#8243;][vc_single_image image=&#8221;3079&#8243; img_size=&#8221;full&#8221; alignment=&#8221;right&#8221; css=&#8221;&#8221; qode_css_animation=&#8221;&#8221; el_class=&#8221;new-section-small-svg&#8221;][\/vc_column_inner][vc_column_inner width=&#8221;3\/4&#8243;][vc_column_text css=&#8221;&#8221; el_class=&#8221;our-technology-benefit__title&#8221;]<\/p>\n<h3>ANPASSAD EFTER DINA BEHOV<\/h3>\n<p>[\/vc_column_text][vc_column_text css=&#8221;&#8221; el_class=&#8221;our-technology-benefit__text&#8221;]Vi erbjuder flera olika grader av br\u00e4nning och borstning, s\u00e5 att du kan v\u00e4lja mellan subtila nyanser eller ett mer dramatiskt uttryck. Oavsett om du bygger bastu, altan, fasad eller innertak kan vi anpassa utseendet efter din vision.[\/vc_column_text][\/vc_column_inner][\/vc_row_inner][\/vc_column][vc_column width=&#8221;7\/12&#8243;][vc_column_text css=&#8221;&#8221; el_class=&#8221;section__title&#8221;]<\/p>\n<h2>VARF\u00d6R V\u00c4LJA YAKISUGI?<\/h2>\n<p>[\/vc_column_text][vc_column_text css=&#8221;&#8221; el_class=&#8221;section__text&#8221;]<\/p>\n<p data-start=\"81\" data-end=\"521\">Yakisugi \u00e4r mer \u00e4n bara en metod f\u00f6r tr\u00e4behandling \u2013 det \u00e4r ett uttryck f\u00f6r kvalitet, tradition och respekt f\u00f6r naturen. Genom att br\u00e4nna ytan skapas ett naturligt skydd som f\u00f6rl\u00e4nger tr\u00e4ets livsl\u00e4ngd och minskar behovet av kemisk behandling. Samtidigt framh\u00e4vs de naturliga \u00e5dringarna och m\u00f6nstren i varje br\u00e4da, vilket ger ett levande och unikt material som inte g\u00e5r att efterlikna med industriella metoder.<\/p>\n<p data-start=\"523\" data-end=\"936\">Det som g\u00f6r yakisugi s\u00e4rskilt uppskattat \u00e4r kombinationen av estetik och funktion. Tr\u00e4et blir motst\u00e5ndskraftigt mot v\u00e4der, r\u00f6ta och insekter, samtidigt som den djupa f\u00e4rgtonen skapar en tidl\u00f6s k\u00e4nsla som passar b\u00e5de i moderna arkitekturprojekt och i mer traditionella byggnader. Oavsett om det anv\u00e4nds till fasader, altaner, innertak eller bastu skapar yakisugi en harmonisk helhet d\u00e4r h\u00e5llbarhet m\u00f6ter sk\u00f6nhet.<\/p>\n<p data-start=\"938\" data-end=\"1173\">F\u00f6r dig som s\u00f6ker ett byggmaterial med stark karakt\u00e4r, l\u00e5ng livsl\u00e4ngd och minimalt underh\u00e5ll \u00e4r yakisugi ett sj\u00e4lvklart val. Det \u00e4r inte bara en tr\u00e4behandling \u2013 det \u00e4r en investering i h\u00e5llbar design som f\u00f6renar historia med framtid.<\/p>\n<p>[\/vc_column_text][vc_row_inner row_type=&#8221;row&#8221; type=&#8221;full_width&#8221; text_align=&#8221;left&#8221; css_animation=&#8221;&#8221;][vc_column_inner width=&#8221;1\/2&#8243;]\n\n\t<a href=\"https:\/\/yakisugi.ee\/sv\/kontakta\/\" target=\"_self\" style=\"color: #161616\" class=\"qode-btn qode-btn-medium qode-btn-solid qode-btn-custom-hover-color section-btn qode-btn-default-hover\" data-hover-color=\"#161616\" >\n\t    <span class=\"qode-btn-text\">KONTAKTA OSS<\/span>\t<\/a>\n\n[\/vc_column_inner][vc_column_inner width=&#8221;1\/2&#8243;]\n\n\t<a href=\"https:\/\/yakisugi.ee\/sv\/tooted\/\" target=\"_self\" style=\"color: #161616\" class=\"qode-btn qode-btn-medium qode-btn-solid qode-btn-custom-hover-color section-btn qode-btn-default-hover\" data-hover-color=\"#161616\" >\n\t    <span class=\"qode-btn-text\">L\u00c4R K\u00c4NNA PRODUKTERNA<\/span>\t<\/a>\n\n[\/vc_column_inner][\/vc_row_inner][\/vc_column][\/vc_row][vc_row css_animation=&#8221;&#8221; row_type=&#8221;row&#8221; use_row_as_full_screen_section=&#8221;no&#8221; type=&#8221;full_width&#8221; angled_section=&#8221;no&#8221; text_align=&#8221;left&#8221; background_image_as_pattern=&#8221;without_pattern&#8221;][vc_column][vc_raw_html]JTVCZ2FsZXJpaSUyMGlkJTNEJTIyNjM4JTIyJTVE[\/vc_raw_html][\/vc_column][\/vc_row]<\/p>\n<\/div>","protected":false},"excerpt":{"rendered":"<p>[vc_row css_animation=&#8221;&#8221; row_type=&#8221;row&#8221; use_row_as_full_screen_section=&#8221;no&#8221; type=&#8221;full_width&#8221; angled_section=&#8221;no&#8221; text_align=&#8221;left&#8221; background_image_as_pattern=&#8221;without_pattern&#8221; z_index=&#8221;&#8221;][vc_column][rev_slider_vc alias=&#8221;home-slider&#8221;][\/vc_column][\/vc_row][vc_row css_animation=&#8221;&#8221; row_type=&#8221;row&#8221; use_row_as_full_screen_section=&#8221;yes&#8221; type=&#8221;full_width&#8221; angled_section=&#8221;no&#8221; text_align=&#8221;left&#8221; background_image_as_pattern=&#8221;without_pattern&#8221; z_index=&#8221;&#8221; css=&#8221;.vc_custom_1594897571388{background-color: #f1f1f1 !important;}&#8221;][vc_column el_class=&#8221;reason&#8221;][vc_raw_html css=&#8221;&#8221;]JTVCc2MlMjBuYW1lJTNEJTIycmVhc29uc19yb290c2klMjIlNUQlNUIlMkZzYyU1RA==[\/vc_raw_html][\/vc_column][\/vc_row][vc_row css_animation=&#8221;&#8221; row_type=&#8221;row&#8221; use_row_as_full_screen_section=&#8221;no&#8221; type=&#8221;full_width&#8221; angled_section=&#8221;no&#8221; text_align=&#8221;left&#8221; background_image_as_pattern=&#8221;without_pattern&#8221; z_index=&#8221;&#8221; el_class=&#8221;best-uses&#8221;][vc_column offset=&#8221;vc_col-md-12&#8243; el_class=&#8221;best-use&#8221;][vc_raw_html css=&#8221;&#8221;]JTVCc2MlMjBuYW1lJTNEJTIyYmVzdF91c2VzX3Jvb3RzaSUyMiU1RCU1QiUyRnNjJTVE[\/vc_raw_html][\/vc_column][\/vc_row][vc_row css_animation=&#8221;&#8221; row_type=&#8221;row&#8221; use_row_as_full_screen_section=&#8221;no&#8221; type=&#8221;grid&#8221; angled_section=&#8221;no&#8221; text_align=&#8221;left&#8221; background_image_as_pattern=&#8221;without_pattern&#8221; el_class=&#8221;section our-technology&#8221; z_index=&#8221;&#8221;][vc_column&#8230;<\/p>\n","protected":false},"author":4,"featured_media":0,"parent":0,"menu_order":0,"comment_status":"closed","ping_status":"closed","template":"full_width.php","meta":{"_acf_changed":false,"footnotes":""},"class_list":["post-2444","page","type-page","status-publish","hentry"],"acf":[],"aioseo_notices":[],"_links":{"self":[{"href":"https:\/\/yakisugi.ee\/sv\/wp-json\/wp\/v2\/pages\/2444","targetHints":{"allow":["GET"]}}],"collection":[{"href":"https:\/\/yakisugi.ee\/sv\/wp-json\/wp\/v2\/pages"}],"about":[{"href":"https:\/\/yakisugi.ee\/sv\/wp-json\/wp\/v2\/types\/page"}],"author":[{"embeddable":true,"href":"https:\/\/yakisugi.ee\/sv\/wp-json\/wp\/v2\/users\/4"}],"replies":[{"embeddable":true,"href":"https:\/\/yakisugi.ee\/sv\/wp-json\/wp\/v2\/comments?post=2444"}],"version-history":[{"count":23,"href":"https:\/\/yakisugi.ee\/sv\/wp-json\/wp\/v2\/pages\/2444\/revisions"}],"predecessor-version":[{"id":3093,"href":"https:\/\/yakisugi.ee\/sv\/wp-json\/wp\/v2\/pages\/2444\/revisions\/3093"}],"wp:attachment":[{"href":"https:\/\/yakisugi.ee\/sv\/wp-json\/wp\/v2\/media?parent=2444"}],"curies":[{"name":"wp","href":"https:\/\/api.w.org\/{rel}","templated":true}]}}