{"id":2453,"date":"2018-11-02T08:57:18","date_gmt":"2018-11-02T06:57:18","guid":{"rendered":"https:\/\/yakisugi.ee\/kontakt\/"},"modified":"2025-08-28T15:06:53","modified_gmt":"2025-08-28T12:06:53","slug":"kontakta","status":"publish","type":"page","link":"https:\/\/yakisugi.ee\/sv\/kontakta\/","title":{"rendered":"Kontakta"},"content":{"rendered":"<div class=\"wpb-content-wrapper\"><p>[vc_row css_animation=&#8221;&#8221; row_type=&#8221;row&#8221; use_row_as_full_screen_section=&#8221;no&#8221; type=&#8221;grid&#8221; angled_section=&#8221;no&#8221; text_align=&#8221;left&#8221; background_image_as_pattern=&#8221;without_pattern&#8221; padding_top=&#8221;50&#8243; padding_bottom=&#8221;108&#8243; z_index=&#8221;&#8221;][vc_column offset=&#8221;vc_col-md-4&#8243;][qode_elements_holder number_of_columns=&#8221;one_column&#8221;][qode_elements_holder_item item_padding=&#8221;0 0 0 0&#8243; advanced_animations=&#8221;no&#8221; item_padding_600_768=&#8221;0 0 50px 0&#8243; item_padding_480_600=&#8221;0 0 50px 0&#8243; item_padding_480=&#8221;0 0 50px 0&#8243;][vc_column_text css=&#8221;&#8221;]<\/p>\n<h2>KONTAKTUPPGIFTER<\/h2>\n<p>[\/vc_column_text][vc_separator type=&#8221;small&#8221; position=&#8221;left&#8221; color=&#8221;#0a0a0a&#8221; transparency=&#8221;1&#8243; thickness=&#8221;1&#8243; width=&#8221;63&#8243; up=&#8221;19&#8243; down=&#8221;30&#8243;][vc_column_text css=&#8221;&#8221;]E-post:\u00a0<a href=\"mailto:info@yakisugi.ee\">info@yakisugi.ee<\/a><\/p>\n<p>Telefon: <a href=\"tel:+37256663106\">+372 56663106<\/a><\/p>\n<p>&nbsp;<\/p>\n<p>Hitta oss:<\/p>\n<p>NORRA TALLINN:<\/p>\n<p>Sepa tn, Tallinn<\/p>\n<p>M\u00e5n\u2013Fre 11:00\u201315:00<\/p>\n<p>Telefon: +372 566 63106<\/p>\n<p><a href=\"mailto:info@yakisugi.ee\">info@yakisugi.ee<\/a><\/p>\n<p>&nbsp;<\/p>\n<p>Vid fr\u00e5gor eller offertf\u00f6rfr\u00e5gan \u2013 fyll i formul\u00e4ret till h\u00f6ger.<\/p>\n<p>&nbsp;<\/p>\n<p>Tuli &amp; Vesi O\u00dc<\/p>\n<p>Sepa tn 16, Tallinn, 11712<\/p>\n<p>Reg.nr: 10144042<\/p>\n<p>Momsreg.nr: EE10031356<\/p>\n<p>Vi hj\u00e4lper dig g\u00e4rna![\/vc_column_text][\/qode_elements_holder_item][\/qode_elements_holder][\/vc_column][vc_column offset=&#8221;vc_col-md-8&#8243;][qode_elements_holder number_of_columns=&#8221;one_column&#8221;][qode_elements_holder_item item_padding=&#8221;13px 0 0 0&#8243; advanced_animations=&#8221;no&#8221; item_padding_1024_1280=&#8221;0px 0 0 0&#8243; item_padding_768_1024=&#8221;0px 0 0 0&#8243;]\n<div class=\"wpcf7 no-js\" id=\"wpcf7-f2929-o1\" lang=\"et\" dir=\"ltr\" data-wpcf7-id=\"2929\">\n<div class=\"screen-reader-response\"><p role=\"status\" aria-live=\"polite\" aria-atomic=\"true\"><\/p> <ul><\/ul><\/div>\n<form action=\"\/sv\/wp-json\/wp\/v2\/pages\/2453#wpcf7-f2929-o1\" method=\"post\" class=\"wpcf7-form init cf7_custom_style_2\" aria-label=\"Contact form\" novalidate=\"novalidate\" data-status=\"init\">\n<fieldset class=\"hidden-fields-container\"><input type=\"hidden\" name=\"_wpcf7\" value=\"2929\" \/><input type=\"hidden\" name=\"_wpcf7_version\" value=\"6.1.5\" \/><input type=\"hidden\" name=\"_wpcf7_locale\" value=\"et\" \/><input type=\"hidden\" name=\"_wpcf7_unit_tag\" value=\"wpcf7-f2929-o1\" \/><input type=\"hidden\" name=\"_wpcf7_container_post\" value=\"0\" \/><input type=\"hidden\" name=\"_wpcf7_posted_data_hash\" value=\"\" \/><input type=\"hidden\" name=\"_wpcf7cf_hidden_group_fields\" value=\"[]\" \/><input type=\"hidden\" name=\"_wpcf7cf_hidden_groups\" value=\"[]\" \/><input type=\"hidden\" name=\"_wpcf7cf_visible_groups\" value=\"[]\" \/><input type=\"hidden\" name=\"_wpcf7cf_repeaters\" value=\"[]\" \/><input type=\"hidden\" name=\"_wpcf7cf_steps\" value=\"{}\" \/><input type=\"hidden\" name=\"_wpcf7cf_options\" value=\"{&quot;form_id&quot;:2929,&quot;conditions&quot;:[],&quot;settings&quot;:{&quot;animation&quot;:&quot;yes&quot;,&quot;animation_intime&quot;:200,&quot;animation_outtime&quot;:200,&quot;conditions_ui&quot;:&quot;normal&quot;,&quot;notice_dismissed&quot;:false,&quot;notice_dismissed_update-cf7-6.0.6&quot;:true}}\" \/><input type=\"hidden\" name=\"_wpcf7_recaptcha_response\" value=\"\" \/>\n<\/fieldset>\n<div><span class=\"wpcf7-form-control-wrap\" data-name=\"your-name\"><input size=\"40\" maxlength=\"400\" class=\"wpcf7-form-control wpcf7-text wpcf7-validates-as-required\" aria-required=\"true\" aria-invalid=\"false\" placeholder=\"Namn*\" value=\"\" type=\"text\" name=\"your-name\" \/><\/span><\/div>\n<div><span class=\"wpcf7-form-control-wrap\" data-name=\"your-email\"><input size=\"40\" maxlength=\"400\" class=\"wpcf7-form-control wpcf7-text wpcf7-validates-as-required\" aria-required=\"true\" aria-invalid=\"false\" placeholder=\"E-post*\" value=\"\" type=\"text\" name=\"your-email\" \/><\/span><\/div>\n<div><span class=\"wpcf7-form-control-wrap\" data-name=\"your-subject\"><input size=\"40\" maxlength=\"400\" class=\"wpcf7-form-control wpcf7-text wpcf7-validates-as-required\" aria-required=\"true\" aria-invalid=\"false\" placeholder=\"\u00c4mne*\" value=\"\" type=\"text\" name=\"your-subject\" \/><\/span><\/div>\n<div><span class=\"wpcf7-form-control-wrap\" data-name=\"your-message\"><textarea cols=\"40\" rows=\"10\" maxlength=\"2000\" class=\"wpcf7-form-control wpcf7-textarea wpcf7-validates-as-required\" aria-required=\"true\" aria-invalid=\"false\" placeholder=\"Meddelande*\" name=\"your-message\"><\/textarea><\/span><\/div>\n<input class=\"wpcf7-form-control wpcf7-submit has-spinner\" type=\"submit\" value=\"Skicka\" \/><div class=\"wpcf7-response-output\" aria-hidden=\"true\"><\/div>\n<\/form>\n<\/div>\n[\/qode_elements_holder_item][\/qode_elements_holder][\/vc_column][\/vc_row]<\/p>\n<\/div>","protected":false},"excerpt":{"rendered":"<p>[vc_row css_animation=&#8221;&#8221; row_type=&#8221;row&#8221; use_row_as_full_screen_section=&#8221;no&#8221; type=&#8221;grid&#8221; angled_section=&#8221;no&#8221; text_align=&#8221;left&#8221; background_image_as_pattern=&#8221;without_pattern&#8221; padding_top=&#8221;50&#8243; padding_bottom=&#8221;108&#8243; z_index=&#8221;&#8221;][vc_column offset=&#8221;vc_col-md-4&#8243;][qode_elements_holder number_of_columns=&#8221;one_column&#8221;][qode_elements_holder_item item_padding=&#8221;0 0 0 0&#8243; advanced_animations=&#8221;no&#8221; item_padding_600_768=&#8221;0 0 50px 0&#8243; item_padding_480_600=&#8221;0 0 50px 0&#8243; item_padding_480=&#8221;0 0 50px 0&#8243;][vc_column_text css=&#8221;&#8221;] KONTAKTUPPGIFTER [\/vc_column_text][vc_separator type=&#8221;small&#8221; position=&#8221;left&#8221; color=&#8221;#0a0a0a&#8221; transparency=&#8221;1&#8243; thickness=&#8221;1&#8243; width=&#8221;63&#8243; up=&#8221;19&#8243; down=&#8221;30&#8243;][vc_column_text css=&#8221;&#8221;]E-post:\u00a0info@yakisugi.ee Telefon: +372 56663106&#8230;<\/p>\n","protected":false},"author":4,"featured_media":0,"parent":0,"menu_order":0,"comment_status":"closed","ping_status":"closed","template":"full_width.php","meta":{"_acf_changed":false,"footnotes":""},"class_list":["post-2453","page","type-page","status-publish","hentry"],"acf":[],"aioseo_notices":[],"_links":{"self":[{"href":"https:\/\/yakisugi.ee\/sv\/wp-json\/wp\/v2\/pages\/2453","targetHints":{"allow":["GET"]}}],"collection":[{"href":"https:\/\/yakisugi.ee\/sv\/wp-json\/wp\/v2\/pages"}],"about":[{"href":"https:\/\/yakisugi.ee\/sv\/wp-json\/wp\/v2\/types\/page"}],"author":[{"embeddable":true,"href":"https:\/\/yakisugi.ee\/sv\/wp-json\/wp\/v2\/users\/4"}],"replies":[{"embeddable":true,"href":"https:\/\/yakisugi.ee\/sv\/wp-json\/wp\/v2\/comments?post=2453"}],"version-history":[{"count":6,"href":"https:\/\/yakisugi.ee\/sv\/wp-json\/wp\/v2\/pages\/2453\/revisions"}],"predecessor-version":[{"id":3049,"href":"https:\/\/yakisugi.ee\/sv\/wp-json\/wp\/v2\/pages\/2453\/revisions\/3049"}],"wp:attachment":[{"href":"https:\/\/yakisugi.ee\/sv\/wp-json\/wp\/v2\/media?parent=2453"}],"curies":[{"name":"wp","href":"https:\/\/api.w.org\/{rel}","templated":true}]}}