{"id":2456,"date":"2018-11-09T11:19:50","date_gmt":"2018-11-09T09:19:50","guid":{"rendered":"https:\/\/yakisugi.ee\/puitlaed\/"},"modified":"2025-09-11T13:08:49","modified_gmt":"2025-09-11T10:08:49","slug":"tratak","status":"publish","type":"page","link":"https:\/\/yakisugi.ee\/sv\/tratak\/","title":{"rendered":"Tr\u00e4tak"},"content":{"rendered":"<div class=\"wpb-content-wrapper\"><p>[vc_row css_animation=&#8221;&#8221; row_type=&#8221;row&#8221; use_row_as_full_screen_section=&#8221;no&#8221; type=&#8221;grid&#8221; angled_section=&#8221;no&#8221; text_align=&#8221;left&#8221; background_image_as_pattern=&#8221;without_pattern&#8221; z_index=&#8221;&#8221; css=&#8221;.vc_custom_1541502154108{padding-top: 40px !important;padding-bottom: 40px !important;}&#8221;][vc_column width=&#8221;1\/2&#8243;]<div class=\"qode-advanced-image-gallery  qode-aig-grid-type qode-small-space  qode-image-behavior-lightbox \">\n\t<div class=\"qode-aig-inner qode-outer-space qode-aig-grid qode-aig-two-columns\">\n\t\t\t\t\t<div class=\"qode-aig-image qode-item-space\">\n\t\t\t\t<div class=\"qode-aig-image-inner\">\n\t\t\t\t\t\t\t\t\t\t\t<a itemprop=\"image\" class=\"qode-aig-lightbox\" href=\"https:\/\/yakisugi.ee\/wp-content\/uploads\/2018\/11\/lagi1.jpg\" data-rel=\"prettyPhoto[image_gallery_pretty_photo-662]\" title=\"lagi1\">\n\t\t\t\t\t\t\t\t\t\t\t<img decoding=\"async\" width=\"900\" height=\"900\" src=\"https:\/\/yakisugi.ee\/wp-content\/uploads\/2018\/11\/lagi1.jpg\" class=\"attachment-full size-full\" alt=\"\" srcset=\"https:\/\/yakisugi.ee\/wp-content\/uploads\/2018\/11\/lagi1.jpg 900w, https:\/\/yakisugi.ee\/wp-content\/uploads\/2018\/11\/lagi1-300x300.jpg 300w, https:\/\/yakisugi.ee\/wp-content\/uploads\/2018\/11\/lagi1-150x150.jpg 150w, https:\/\/yakisugi.ee\/wp-content\/uploads\/2018\/11\/lagi1-768x768.jpg 768w, https:\/\/yakisugi.ee\/wp-content\/uploads\/2018\/11\/lagi1-570x570.jpg 570w, https:\/\/yakisugi.ee\/wp-content\/uploads\/2018\/11\/lagi1-500x500.jpg 500w, https:\/\/yakisugi.ee\/wp-content\/uploads\/2018\/11\/lagi1-700x700.jpg 700w\" sizes=\"(max-width: 900px) 100vw, 900px\" \/>\t\t\t\t\t\t<span class=\"aig-gallery-hover\">\n\t\t\t\t\t\t\t\t\t\t\t\t\t\t\t<span class=\"icon-arrows-plus\"><\/span> \n\t\t\t\t\t\t\t\t\t\t\t\t\t<\/span>\n\t\t\t\t\t\t\t\t\t\t\t<\/a>\n\t\t\t\t\t\t\t\t\t<\/div>\n\t\t\t<\/div>\n\t\t\t\t\t<div class=\"qode-aig-image qode-item-space\">\n\t\t\t\t<div class=\"qode-aig-image-inner\">\n\t\t\t\t\t\t\t\t\t\t\t<a itemprop=\"image\" class=\"qode-aig-lightbox\" href=\"https:\/\/yakisugi.ee\/wp-content\/uploads\/2018\/11\/lagi2.jpg\" data-rel=\"prettyPhoto[image_gallery_pretty_photo-662]\" title=\"lagi2\">\n\t\t\t\t\t\t\t\t\t\t\t<img decoding=\"async\" width=\"520\" height=\"520\" src=\"https:\/\/yakisugi.ee\/wp-content\/uploads\/2018\/11\/lagi2.jpg\" class=\"attachment-full size-full\" alt=\"\" srcset=\"https:\/\/yakisugi.ee\/wp-content\/uploads\/2018\/11\/lagi2.jpg 520w, https:\/\/yakisugi.ee\/wp-content\/uploads\/2018\/11\/lagi2-300x300.jpg 300w, https:\/\/yakisugi.ee\/wp-content\/uploads\/2018\/11\/lagi2-150x150.jpg 150w, https:\/\/yakisugi.ee\/wp-content\/uploads\/2018\/11\/lagi2-500x500.jpg 500w\" sizes=\"(max-width: 520px) 100vw, 520px\" \/>\t\t\t\t\t\t<span class=\"aig-gallery-hover\">\n\t\t\t\t\t\t\t\t\t\t\t\t\t\t\t<span class=\"icon-arrows-plus\"><\/span> \n\t\t\t\t\t\t\t\t\t\t\t\t\t<\/span>\n\t\t\t\t\t\t\t\t\t\t\t<\/a>\n\t\t\t\t\t\t\t\t\t<\/div>\n\t\t\t<\/div>\n\t\t\t\t\t<div class=\"qode-aig-image qode-item-space\">\n\t\t\t\t<div class=\"qode-aig-image-inner\">\n\t\t\t\t\t\t\t\t\t\t\t<a itemprop=\"image\" class=\"qode-aig-lightbox\" href=\"https:\/\/yakisugi.ee\/wp-content\/uploads\/2018\/11\/lagi3.jpg\" data-rel=\"prettyPhoto[image_gallery_pretty_photo-662]\" title=\"lagi3\">\n\t\t\t\t\t\t\t\t\t\t\t<img decoding=\"async\" width=\"383\" height=\"383\" src=\"https:\/\/yakisugi.ee\/wp-content\/uploads\/2018\/11\/lagi3.jpg\" class=\"attachment-full size-full\" alt=\"\" srcset=\"https:\/\/yakisugi.ee\/wp-content\/uploads\/2018\/11\/lagi3.jpg 383w, https:\/\/yakisugi.ee\/wp-content\/uploads\/2018\/11\/lagi3-300x300.jpg 300w, https:\/\/yakisugi.ee\/wp-content\/uploads\/2018\/11\/lagi3-150x150.jpg 150w\" sizes=\"(max-width: 383px) 100vw, 383px\" \/>\t\t\t\t\t\t<span class=\"aig-gallery-hover\">\n\t\t\t\t\t\t\t\t\t\t\t\t\t\t\t<span class=\"icon-arrows-plus\"><\/span> \n\t\t\t\t\t\t\t\t\t\t\t\t\t<\/span>\n\t\t\t\t\t\t\t\t\t\t\t<\/a>\n\t\t\t\t\t\t\t\t\t<\/div>\n\t\t\t<\/div>\n\t\t\t\t\t<div class=\"qode-aig-image qode-item-space\">\n\t\t\t\t<div class=\"qode-aig-image-inner\">\n\t\t\t\t\t\t\t\t\t\t\t<a itemprop=\"image\" class=\"qode-aig-lightbox\" href=\"https:\/\/yakisugi.ee\/wp-content\/uploads\/2018\/11\/lagi4.jpg\" data-rel=\"prettyPhoto[image_gallery_pretty_photo-662]\" title=\"lagi4\">\n\t\t\t\t\t\t\t\t\t\t\t<img decoding=\"async\" width=\"879\" height=\"879\" src=\"https:\/\/yakisugi.ee\/wp-content\/uploads\/2018\/11\/lagi4.jpg\" class=\"attachment-full size-full\" alt=\"\" srcset=\"https:\/\/yakisugi.ee\/wp-content\/uploads\/2018\/11\/lagi4.jpg 879w, https:\/\/yakisugi.ee\/wp-content\/uploads\/2018\/11\/lagi4-300x300.jpg 300w, https:\/\/yakisugi.ee\/wp-content\/uploads\/2018\/11\/lagi4-150x150.jpg 150w, https:\/\/yakisugi.ee\/wp-content\/uploads\/2018\/11\/lagi4-768x768.jpg 768w, https:\/\/yakisugi.ee\/wp-content\/uploads\/2018\/11\/lagi4-570x570.jpg 570w, https:\/\/yakisugi.ee\/wp-content\/uploads\/2018\/11\/lagi4-500x500.jpg 500w, https:\/\/yakisugi.ee\/wp-content\/uploads\/2018\/11\/lagi4-700x700.jpg 700w\" sizes=\"(max-width: 879px) 100vw, 879px\" \/>\t\t\t\t\t\t<span class=\"aig-gallery-hover\">\n\t\t\t\t\t\t\t\t\t\t\t\t\t\t\t<span class=\"icon-arrows-plus\"><\/span> \n\t\t\t\t\t\t\t\t\t\t\t\t\t<\/span>\n\t\t\t\t\t\t\t\t\t\t\t<\/a>\n\t\t\t\t\t\t\t\t\t<\/div>\n\t\t\t<\/div>\n\t\t\t\t\t<div class=\"qode-aig-image qode-item-space\">\n\t\t\t\t<div class=\"qode-aig-image-inner\">\n\t\t\t\t\t\t\t\t\t\t\t<a itemprop=\"image\" class=\"qode-aig-lightbox\" href=\"https:\/\/yakisugi.ee\/wp-content\/uploads\/2018\/11\/pilt1.jpg\" data-rel=\"prettyPhoto[image_gallery_pretty_photo-662]\" title=\"pilt1\">\n\t\t\t\t\t\t\t\t\t\t\t<img decoding=\"async\" width=\"1000\" height=\"1000\" src=\"https:\/\/yakisugi.ee\/wp-content\/uploads\/2018\/11\/pilt1.jpg\" class=\"attachment-full size-full\" alt=\"\" srcset=\"https:\/\/yakisugi.ee\/wp-content\/uploads\/2018\/11\/pilt1.jpg 1000w, https:\/\/yakisugi.ee\/wp-content\/uploads\/2018\/11\/pilt1-300x300.jpg 300w, https:\/\/yakisugi.ee\/wp-content\/uploads\/2018\/11\/pilt1-150x150.jpg 150w, https:\/\/yakisugi.ee\/wp-content\/uploads\/2018\/11\/pilt1-768x768.jpg 768w, https:\/\/yakisugi.ee\/wp-content\/uploads\/2018\/11\/pilt1-570x570.jpg 570w, https:\/\/yakisugi.ee\/wp-content\/uploads\/2018\/11\/pilt1-500x500.jpg 500w, https:\/\/yakisugi.ee\/wp-content\/uploads\/2018\/11\/pilt1-700x700.jpg 700w\" sizes=\"(max-width: 1000px) 100vw, 1000px\" \/>\t\t\t\t\t\t<span class=\"aig-gallery-hover\">\n\t\t\t\t\t\t\t\t\t\t\t\t\t\t\t<span class=\"icon-arrows-plus\"><\/span> \n\t\t\t\t\t\t\t\t\t\t\t\t\t<\/span>\n\t\t\t\t\t\t\t\t\t\t\t<\/a>\n\t\t\t\t\t\t\t\t\t<\/div>\n\t\t\t<\/div>\n\t\t\t\t\t<div class=\"qode-aig-image qode-item-space\">\n\t\t\t\t<div class=\"qode-aig-image-inner\">\n\t\t\t\t\t\t\t\t\t\t\t<a itemprop=\"image\" class=\"qode-aig-lightbox\" href=\"https:\/\/yakisugi.ee\/wp-content\/uploads\/2018\/11\/pilt2.jpg\" data-rel=\"prettyPhoto[image_gallery_pretty_photo-662]\" title=\"pilt2\">\n\t\t\t\t\t\t\t\t\t\t\t<img decoding=\"async\" width=\"667\" height=\"667\" src=\"https:\/\/yakisugi.ee\/wp-content\/uploads\/2018\/11\/pilt2.jpg\" class=\"attachment-full size-full\" alt=\"\" srcset=\"https:\/\/yakisugi.ee\/wp-content\/uploads\/2018\/11\/pilt2.jpg 667w, https:\/\/yakisugi.ee\/wp-content\/uploads\/2018\/11\/pilt2-300x300.jpg 300w, https:\/\/yakisugi.ee\/wp-content\/uploads\/2018\/11\/pilt2-150x150.jpg 150w, https:\/\/yakisugi.ee\/wp-content\/uploads\/2018\/11\/pilt2-570x570.jpg 570w, https:\/\/yakisugi.ee\/wp-content\/uploads\/2018\/11\/pilt2-500x500.jpg 500w\" sizes=\"(max-width: 667px) 100vw, 667px\" \/>\t\t\t\t\t\t<span class=\"aig-gallery-hover\">\n\t\t\t\t\t\t\t\t\t\t\t\t\t\t\t<span class=\"icon-arrows-plus\"><\/span> \n\t\t\t\t\t\t\t\t\t\t\t\t\t<\/span>\n\t\t\t\t\t\t\t\t\t\t\t<\/a>\n\t\t\t\t\t\t\t\t\t<\/div>\n\t\t\t<\/div>\n\t\t\t\t\t<div class=\"qode-aig-image qode-item-space\">\n\t\t\t\t<div class=\"qode-aig-image-inner\">\n\t\t\t\t\t\t\t\t\t\t\t<a itemprop=\"image\" class=\"qode-aig-lightbox\" href=\"https:\/\/yakisugi.ee\/wp-content\/uploads\/2018\/11\/pilt3.jpg\" data-rel=\"prettyPhoto[image_gallery_pretty_photo-662]\" title=\"pilt3\">\n\t\t\t\t\t\t\t\t\t\t\t<img decoding=\"async\" width=\"667\" height=\"667\" src=\"https:\/\/yakisugi.ee\/wp-content\/uploads\/2018\/11\/pilt3.jpg\" class=\"attachment-full size-full\" alt=\"\" srcset=\"https:\/\/yakisugi.ee\/wp-content\/uploads\/2018\/11\/pilt3.jpg 667w, https:\/\/yakisugi.ee\/wp-content\/uploads\/2018\/11\/pilt3-300x300.jpg 300w, https:\/\/yakisugi.ee\/wp-content\/uploads\/2018\/11\/pilt3-150x150.jpg 150w, https:\/\/yakisugi.ee\/wp-content\/uploads\/2018\/11\/pilt3-570x570.jpg 570w, https:\/\/yakisugi.ee\/wp-content\/uploads\/2018\/11\/pilt3-500x500.jpg 500w\" sizes=\"(max-width: 667px) 100vw, 667px\" \/>\t\t\t\t\t\t<span class=\"aig-gallery-hover\">\n\t\t\t\t\t\t\t\t\t\t\t\t\t\t\t<span class=\"icon-arrows-plus\"><\/span> \n\t\t\t\t\t\t\t\t\t\t\t\t\t<\/span>\n\t\t\t\t\t\t\t\t\t\t\t<\/a>\n\t\t\t\t\t\t\t\t\t<\/div>\n\t\t\t<\/div>\n\t\t\t\t\t<div class=\"qode-aig-image qode-item-space\">\n\t\t\t\t<div class=\"qode-aig-image-inner\">\n\t\t\t\t\t\t\t\t\t\t\t<a itemprop=\"image\" class=\"qode-aig-lightbox\" href=\"https:\/\/yakisugi.ee\/wp-content\/uploads\/2018\/11\/pilt4.jpg\" data-rel=\"prettyPhoto[image_gallery_pretty_photo-662]\" title=\"pilt4\">\n\t\t\t\t\t\t\t\t\t\t\t<img decoding=\"async\" width=\"1000\" height=\"1000\" src=\"https:\/\/yakisugi.ee\/wp-content\/uploads\/2018\/11\/pilt4.jpg\" class=\"attachment-full size-full\" alt=\"\" srcset=\"https:\/\/yakisugi.ee\/wp-content\/uploads\/2018\/11\/pilt4.jpg 1000w, https:\/\/yakisugi.ee\/wp-content\/uploads\/2018\/11\/pilt4-300x300.jpg 300w, https:\/\/yakisugi.ee\/wp-content\/uploads\/2018\/11\/pilt4-150x150.jpg 150w, https:\/\/yakisugi.ee\/wp-content\/uploads\/2018\/11\/pilt4-768x768.jpg 768w, https:\/\/yakisugi.ee\/wp-content\/uploads\/2018\/11\/pilt4-570x570.jpg 570w, https:\/\/yakisugi.ee\/wp-content\/uploads\/2018\/11\/pilt4-500x500.jpg 500w, https:\/\/yakisugi.ee\/wp-content\/uploads\/2018\/11\/pilt4-700x700.jpg 700w\" sizes=\"(max-width: 1000px) 100vw, 1000px\" \/>\t\t\t\t\t\t<span class=\"aig-gallery-hover\">\n\t\t\t\t\t\t\t\t\t\t\t\t\t\t\t<span class=\"icon-arrows-plus\"><\/span> \n\t\t\t\t\t\t\t\t\t\t\t\t\t<\/span>\n\t\t\t\t\t\t\t\t\t\t\t<\/a>\n\t\t\t\t\t\t\t\t\t<\/div>\n\t\t\t<\/div>\n\t\t\t<\/div>\n<\/div>[vc_empty_space][\/vc_column][vc_column width=&#8221;1\/2&#8243;][vc_column_text css=&#8221;&#8221;]Tr\u00e4tak har blivit trendiga igen sedan 1970-talet. Tr\u00e4tak kan tillverkas av antingen lameller eller br\u00e4dor, antingen oljade eller br\u00e4nda (yakisugi).<\/p>\n<p>&nbsp;<\/p>\n<p>Ett tr\u00e4tak \u00e4r ett levande material som f\u00f6rvandlar k\u00e4nslan i hela rummet. Tr\u00e4ets naturliga struktur tillf\u00f6r v\u00e4rme, mjukhet och en estetisk dimension som f\u00e5 andra material kan m\u00e4ta sig med. Samtidigt har tr\u00e4tak praktiska f\u00f6rdelar: de fungerar som naturlig isolering, bidrar till ett b\u00e4ttre inomhusklimat och hj\u00e4lper till att d\u00e4mpa ljudniv\u00e5n. D\u00e4rf\u00f6r uppskattas tr\u00e4tak b\u00e5de i bost\u00e4der och i offentliga milj\u00f6er som kontor, restauranger och hotell.<\/p>\n<p>&nbsp;<\/p>\n<p>Med yakisugi-tekniken f\u00e5r tr\u00e4taket ytterligare en dimension. Genom att br\u00e4nna ytan framh\u00e4vs \u00e5dringar och m\u00f6nster p\u00e5 ett exklusivt s\u00e4tt, samtidigt som tr\u00e4et blir mer motst\u00e5ndskraftigt mot fukt, slitage och insekter. Resultatet \u00e4r ett tak som inte bara \u00e4r vackert utan ocks\u00e5 mycket h\u00e5llbart och l\u00e4ttsk\u00f6tt. Denna kombination av estetik och funktion g\u00f6r att yakisugi-tr\u00e4tak blir en investering som h\u00e5ller i m\u00e5nga \u00e5r fram\u00f6ver.<\/p>\n<p>&nbsp;<\/p>\n<p>En annan f\u00f6rdel \u00e4r flexibiliteten i designen. Du kan v\u00e4lja mellan ljusa oljade ytor f\u00f6r ett modernt och luftigt intryck, eller djupare m\u00f6rka toner som skapar en mer dramatisk och exklusiv k\u00e4nsla. Tr\u00e4tak passar lika bra i minimalistiska milj\u00f6er som i klassiska hem, och kan anpassas f\u00f6r att harmoniera med v\u00e4ggar, golv och m\u00f6bler. P\u00e5 s\u00e5 s\u00e4tt blir taket en naturlig del av inredningen \u2013 inte bara en yta ovanf\u00f6r, utan en viktig del av rummets helhetsuttryck.<\/p>\n<p>&nbsp;<\/p>\n<p>Tr\u00e4 \u00e4r ocks\u00e5 ett milj\u00f6v\u00e4nligt och h\u00e5llbart val. Till skillnad fr\u00e5n m\u00e5nga konstgjorda material \u00e4r det f\u00f6rnybart och kan \u00e5tervinnas. Ett v\u00e4lgjort tr\u00e4tak \u00e5ldras vackert och f\u00e5r en patina som bara f\u00f6rst\u00e4rker dess karakt\u00e4r \u00f6ver tid. Det g\u00f6r tr\u00e4tak till ett framtidss\u00e4kert alternativ f\u00f6r dig som b\u00e5de vill skapa ett vackert hem och ta h\u00e4nsyn till milj\u00f6n.<\/p>\n<p>&nbsp;<\/p>\n<p>Med r\u00e4tt behandling och underh\u00e5ll kan ett tr\u00e4tak h\u00e5lla i decennier. Yakisugi-tekniken minskar dessutom behovet av l\u00f6pande underh\u00e5ll, vilket g\u00f6r att du kan njuta av ett vackert tak utan att l\u00e4gga ner mycket tid p\u00e5 sk\u00f6tsel. Ett tr\u00e4tak \u00e4r med andra ord mer \u00e4n bara en byggnadsdetalj \u2013 det \u00e4r en del av hemmets sj\u00e4l.<\/p>\n<p>&nbsp;<\/p>\n<p><strong>Om du vill ha en offert eller har ytterligare fr\u00e5gor, v\u00e4nligen fyll i formul\u00e4ret nedan.<\/strong>[\/vc_column_text][vc_empty_space]\n<div class=\"wpcf7 no-js\" id=\"wpcf7-f2929-o1\" lang=\"et\" dir=\"ltr\" data-wpcf7-id=\"2929\">\n<div class=\"screen-reader-response\"><p role=\"status\" aria-live=\"polite\" aria-atomic=\"true\"><\/p> <ul><\/ul><\/div>\n<form action=\"\/sv\/wp-json\/wp\/v2\/pages\/2456#wpcf7-f2929-o1\" method=\"post\" class=\"wpcf7-form init cf7_custom_style_2\" aria-label=\"Contact form\" novalidate=\"novalidate\" data-status=\"init\">\n<fieldset class=\"hidden-fields-container\"><input type=\"hidden\" name=\"_wpcf7\" value=\"2929\" \/><input type=\"hidden\" name=\"_wpcf7_version\" value=\"6.1.5\" \/><input type=\"hidden\" name=\"_wpcf7_locale\" value=\"et\" \/><input type=\"hidden\" name=\"_wpcf7_unit_tag\" value=\"wpcf7-f2929-o1\" \/><input type=\"hidden\" name=\"_wpcf7_container_post\" value=\"0\" \/><input type=\"hidden\" name=\"_wpcf7_posted_data_hash\" value=\"\" \/><input type=\"hidden\" name=\"_wpcf7cf_hidden_group_fields\" value=\"[]\" \/><input type=\"hidden\" name=\"_wpcf7cf_hidden_groups\" value=\"[]\" \/><input type=\"hidden\" name=\"_wpcf7cf_visible_groups\" value=\"[]\" \/><input type=\"hidden\" name=\"_wpcf7cf_repeaters\" value=\"[]\" \/><input type=\"hidden\" name=\"_wpcf7cf_steps\" value=\"{}\" \/><input type=\"hidden\" name=\"_wpcf7cf_options\" value=\"{&quot;form_id&quot;:2929,&quot;conditions&quot;:[],&quot;settings&quot;:{&quot;animation&quot;:&quot;yes&quot;,&quot;animation_intime&quot;:200,&quot;animation_outtime&quot;:200,&quot;conditions_ui&quot;:&quot;normal&quot;,&quot;notice_dismissed&quot;:false,&quot;notice_dismissed_update-cf7-6.0.6&quot;:true}}\" \/><input type=\"hidden\" name=\"_wpcf7_recaptcha_response\" value=\"\" \/>\n<\/fieldset>\n<div><span class=\"wpcf7-form-control-wrap\" data-name=\"your-name\"><input size=\"40\" maxlength=\"400\" class=\"wpcf7-form-control wpcf7-text wpcf7-validates-as-required\" aria-required=\"true\" aria-invalid=\"false\" placeholder=\"Namn*\" value=\"\" type=\"text\" name=\"your-name\" \/><\/span><\/div>\n<div><span class=\"wpcf7-form-control-wrap\" data-name=\"your-email\"><input size=\"40\" maxlength=\"400\" class=\"wpcf7-form-control wpcf7-text wpcf7-validates-as-required\" aria-required=\"true\" aria-invalid=\"false\" placeholder=\"E-post*\" value=\"\" type=\"text\" name=\"your-email\" \/><\/span><\/div>\n<div><span class=\"wpcf7-form-control-wrap\" data-name=\"your-subject\"><input size=\"40\" maxlength=\"400\" class=\"wpcf7-form-control wpcf7-text wpcf7-validates-as-required\" aria-required=\"true\" aria-invalid=\"false\" placeholder=\"\u00c4mne*\" value=\"\" type=\"text\" name=\"your-subject\" \/><\/span><\/div>\n<div><span class=\"wpcf7-form-control-wrap\" data-name=\"your-message\"><textarea cols=\"40\" rows=\"10\" maxlength=\"2000\" class=\"wpcf7-form-control wpcf7-textarea wpcf7-validates-as-required\" aria-required=\"true\" aria-invalid=\"false\" placeholder=\"Meddelande*\" name=\"your-message\"><\/textarea><\/span><\/div>\n<input class=\"wpcf7-form-control wpcf7-submit has-spinner\" type=\"submit\" value=\"Skicka\" \/><div class=\"wpcf7-response-output\" aria-hidden=\"true\"><\/div>\n<\/form>\n<\/div>\n[\/vc_column][\/vc_row]<\/p>\n<\/div>","protected":false},"excerpt":{"rendered":"<p>[vc_row css_animation=&#8221;&#8221; row_type=&#8221;row&#8221; use_row_as_full_screen_section=&#8221;no&#8221; type=&#8221;grid&#8221; angled_section=&#8221;no&#8221; text_align=&#8221;left&#8221; background_image_as_pattern=&#8221;without_pattern&#8221; z_index=&#8221;&#8221; css=&#8221;.vc_custom_1541502154108{padding-top: 40px !important;padding-bottom: 40px !important;}&#8221;][vc_column width=&#8221;1\/2&#8243;][vc_empty_space][\/vc_column][vc_column width=&#8221;1\/2&#8243;][vc_column_text css=&#8221;&#8221;]Tr\u00e4tak har blivit trendiga igen sedan 1970-talet. Tr\u00e4tak kan tillverkas av antingen lameller eller br\u00e4dor, antingen oljade eller br\u00e4nda (yakisugi). &nbsp; Ett tr\u00e4tak \u00e4r ett levande material som f\u00f6rvandlar&#8230;<\/p>\n","protected":false},"author":4,"featured_media":0,"parent":0,"menu_order":0,"comment_status":"closed","ping_status":"closed","template":"full_width.php","meta":{"_acf_changed":false,"footnotes":""},"class_list":["post-2456","page","type-page","status-publish","hentry"],"acf":[],"aioseo_notices":[],"_links":{"self":[{"href":"https:\/\/yakisugi.ee\/sv\/wp-json\/wp\/v2\/pages\/2456","targetHints":{"allow":["GET"]}}],"collection":[{"href":"https:\/\/yakisugi.ee\/sv\/wp-json\/wp\/v2\/pages"}],"about":[{"href":"https:\/\/yakisugi.ee\/sv\/wp-json\/wp\/v2\/types\/page"}],"author":[{"embeddable":true,"href":"https:\/\/yakisugi.ee\/sv\/wp-json\/wp\/v2\/users\/4"}],"replies":[{"embeddable":true,"href":"https:\/\/yakisugi.ee\/sv\/wp-json\/wp\/v2\/comments?post=2456"}],"version-history":[{"count":9,"href":"https:\/\/yakisugi.ee\/sv\/wp-json\/wp\/v2\/pages\/2456\/revisions"}],"predecessor-version":[{"id":3100,"href":"https:\/\/yakisugi.ee\/sv\/wp-json\/wp\/v2\/pages\/2456\/revisions\/3100"}],"wp:attachment":[{"href":"https:\/\/yakisugi.ee\/sv\/wp-json\/wp\/v2\/media?parent=2456"}],"curies":[{"name":"wp","href":"https:\/\/api.w.org\/{rel}","templated":true}]}}