{"id":2459,"date":"2018-11-09T11:11:26","date_gmt":"2018-11-09T09:11:26","guid":{"rendered":"https:\/\/yakisugi.ee\/puitterrass\/"},"modified":"2025-06-05T12:47:58","modified_gmt":"2025-06-05T09:47:58","slug":"traterrass","status":"publish","type":"page","link":"https:\/\/yakisugi.ee\/sv\/traterrass\/","title":{"rendered":"Tr\u00e4terrass"},"content":{"rendered":"<div class=\"wpb-content-wrapper\"><p>[vc_row css_animation=&#8221;&#8221; row_type=&#8221;row&#8221; use_row_as_full_screen_section=&#8221;no&#8221; type=&#8221;grid&#8221; angled_section=&#8221;no&#8221; text_align=&#8221;left&#8221; background_image_as_pattern=&#8221;without_pattern&#8221; z_index=&#8221;&#8221; css=&#8221;.vc_custom_1541502154108{padding-top: 40px !important;padding-bottom: 40px !important;}&#8221;][vc_column width=&#8221;1\/2&#8243;]<div class=\"qode-advanced-image-gallery  qode-aig-grid-type qode-small-space  qode-image-behavior-lightbox \">\n\t<div class=\"qode-aig-inner qode-outer-space qode-aig-grid qode-aig-two-columns\">\n\t\t\t\t\t<div class=\"qode-aig-image qode-item-space\">\n\t\t\t\t<div class=\"qode-aig-image-inner\">\n\t\t\t\t\t\t\t\t\t\t\t<a itemprop=\"image\" class=\"qode-aig-lightbox\" href=\"https:\/\/yakisugi.ee\/wp-content\/uploads\/2018\/11\/1.jpg\" data-rel=\"prettyPhoto[image_gallery_pretty_photo-681]\" title=\"1\">\n\t\t\t\t\t\t\t\t\t\t\t<img decoding=\"async\" width=\"700\" height=\"700\" src=\"https:\/\/yakisugi.ee\/wp-content\/uploads\/2018\/11\/1.jpg\" class=\"attachment-full size-full\" alt=\"\" srcset=\"https:\/\/yakisugi.ee\/wp-content\/uploads\/2018\/11\/1.jpg 700w, https:\/\/yakisugi.ee\/wp-content\/uploads\/2018\/11\/1-300x300.jpg 300w, https:\/\/yakisugi.ee\/wp-content\/uploads\/2018\/11\/1-150x150.jpg 150w, https:\/\/yakisugi.ee\/wp-content\/uploads\/2018\/11\/1-570x570.jpg 570w, https:\/\/yakisugi.ee\/wp-content\/uploads\/2018\/11\/1-500x500.jpg 500w\" sizes=\"(max-width: 700px) 100vw, 700px\" \/>\t\t\t\t\t\t<span class=\"aig-gallery-hover\">\n\t\t\t\t\t\t\t\t\t\t\t\t\t\t\t<span class=\"icon-arrows-plus\"><\/span> \n\t\t\t\t\t\t\t\t\t\t\t\t\t<\/span>\n\t\t\t\t\t\t\t\t\t\t\t<\/a>\n\t\t\t\t\t\t\t\t\t<\/div>\n\t\t\t<\/div>\n\t\t\t\t\t<div class=\"qode-aig-image qode-item-space\">\n\t\t\t\t<div class=\"qode-aig-image-inner\">\n\t\t\t\t\t\t\t\t\t\t\t<a itemprop=\"image\" class=\"qode-aig-lightbox\" href=\"https:\/\/yakisugi.ee\/wp-content\/uploads\/2018\/11\/2.jpg\" data-rel=\"prettyPhoto[image_gallery_pretty_photo-681]\" title=\"2\">\n\t\t\t\t\t\t\t\t\t\t\t<img decoding=\"async\" width=\"667\" height=\"667\" src=\"https:\/\/yakisugi.ee\/wp-content\/uploads\/2018\/11\/2.jpg\" class=\"attachment-full size-full\" alt=\"\" srcset=\"https:\/\/yakisugi.ee\/wp-content\/uploads\/2018\/11\/2.jpg 667w, https:\/\/yakisugi.ee\/wp-content\/uploads\/2018\/11\/2-300x300.jpg 300w, https:\/\/yakisugi.ee\/wp-content\/uploads\/2018\/11\/2-150x150.jpg 150w, https:\/\/yakisugi.ee\/wp-content\/uploads\/2018\/11\/2-570x570.jpg 570w, https:\/\/yakisugi.ee\/wp-content\/uploads\/2018\/11\/2-500x500.jpg 500w\" sizes=\"(max-width: 667px) 100vw, 667px\" \/>\t\t\t\t\t\t<span class=\"aig-gallery-hover\">\n\t\t\t\t\t\t\t\t\t\t\t\t\t\t\t<span class=\"icon-arrows-plus\"><\/span> \n\t\t\t\t\t\t\t\t\t\t\t\t\t<\/span>\n\t\t\t\t\t\t\t\t\t\t\t<\/a>\n\t\t\t\t\t\t\t\t\t<\/div>\n\t\t\t<\/div>\n\t\t\t<\/div>\n<\/div>[vc_empty_space][\/vc_column][vc_column width=&#8221;1\/2&#8243;][vc_column_text css=&#8221;&#8221;]Yakisugi-tr\u00e4bearbetningstekniken har anv\u00e4nts flitigt i forntida japanska tempel och \u00e4r idag \u00e4ven idealisk f\u00f6r att bygga terrasser. Yakisugi-tekniken kombinerar tre element \u2013 \u200b\u200bjord (tr\u00e4), eld och vatten.<\/p>\n<p>&nbsp;<\/p>\n<p>Slutresultatet \u00e4r en naturlig tr\u00e4terrass som k\u00e4nner behaglig v\u00e4rme och \u00f6verf\u00f6r energi under bara f\u00f6tter. \u00c4ven om denna tr\u00e4bearbetningsl\u00f6sning \u00e4r mycket h\u00e5llbar och h\u00e5ller i upp till 100 \u00e5r, beh\u00f6ver terrassen v\u00e5rdas. F\u00f6r att beh\u00e5lla sin naturliga sk\u00f6nhet i ett sekel b\u00f6r terrassen oljas d\u00e5 och d\u00e5.<\/p>\n<p>&nbsp;<\/p>\n<p><strong>Om du vill ha en offert eller har ytterligare fr\u00e5gor, v\u00e4nligen fyll i f\u00f6rfr\u00e5gningsformul\u00e4ret nedan.<\/strong>[\/vc_column_text][vc_empty_space]\n<div class=\"wpcf7 no-js\" id=\"wpcf7-f2929-o1\" lang=\"et\" dir=\"ltr\" data-wpcf7-id=\"2929\">\n<div class=\"screen-reader-response\"><p role=\"status\" aria-live=\"polite\" aria-atomic=\"true\"><\/p> <ul><\/ul><\/div>\n<form action=\"\/sv\/wp-json\/wp\/v2\/pages\/2459#wpcf7-f2929-o1\" method=\"post\" class=\"wpcf7-form init cf7_custom_style_2\" aria-label=\"Contact form\" novalidate=\"novalidate\" data-status=\"init\">\n<fieldset class=\"hidden-fields-container\"><input type=\"hidden\" name=\"_wpcf7\" value=\"2929\" \/><input type=\"hidden\" name=\"_wpcf7_version\" value=\"6.1.5\" \/><input type=\"hidden\" name=\"_wpcf7_locale\" value=\"et\" \/><input type=\"hidden\" name=\"_wpcf7_unit_tag\" value=\"wpcf7-f2929-o1\" \/><input type=\"hidden\" name=\"_wpcf7_container_post\" value=\"0\" \/><input type=\"hidden\" name=\"_wpcf7_posted_data_hash\" value=\"\" \/><input type=\"hidden\" name=\"_wpcf7cf_hidden_group_fields\" value=\"[]\" \/><input type=\"hidden\" name=\"_wpcf7cf_hidden_groups\" value=\"[]\" \/><input type=\"hidden\" name=\"_wpcf7cf_visible_groups\" value=\"[]\" \/><input type=\"hidden\" name=\"_wpcf7cf_repeaters\" value=\"[]\" \/><input type=\"hidden\" name=\"_wpcf7cf_steps\" value=\"{}\" \/><input type=\"hidden\" name=\"_wpcf7cf_options\" value=\"{&quot;form_id&quot;:2929,&quot;conditions&quot;:[],&quot;settings&quot;:{&quot;animation&quot;:&quot;yes&quot;,&quot;animation_intime&quot;:200,&quot;animation_outtime&quot;:200,&quot;conditions_ui&quot;:&quot;normal&quot;,&quot;notice_dismissed&quot;:false,&quot;notice_dismissed_update-cf7-6.0.6&quot;:true}}\" \/><input type=\"hidden\" name=\"_wpcf7_recaptcha_response\" value=\"\" \/>\n<\/fieldset>\n<div><span class=\"wpcf7-form-control-wrap\" data-name=\"your-name\"><input size=\"40\" maxlength=\"400\" class=\"wpcf7-form-control wpcf7-text wpcf7-validates-as-required\" aria-required=\"true\" aria-invalid=\"false\" placeholder=\"Namn*\" value=\"\" type=\"text\" name=\"your-name\" \/><\/span><\/div>\n<div><span class=\"wpcf7-form-control-wrap\" data-name=\"your-email\"><input size=\"40\" maxlength=\"400\" class=\"wpcf7-form-control wpcf7-text wpcf7-validates-as-required\" aria-required=\"true\" aria-invalid=\"false\" placeholder=\"E-post*\" value=\"\" type=\"text\" name=\"your-email\" \/><\/span><\/div>\n<div><span class=\"wpcf7-form-control-wrap\" data-name=\"your-subject\"><input size=\"40\" maxlength=\"400\" class=\"wpcf7-form-control wpcf7-text wpcf7-validates-as-required\" aria-required=\"true\" aria-invalid=\"false\" placeholder=\"\u00c4mne*\" value=\"\" type=\"text\" name=\"your-subject\" \/><\/span><\/div>\n<div><span class=\"wpcf7-form-control-wrap\" data-name=\"your-message\"><textarea cols=\"40\" rows=\"10\" maxlength=\"2000\" class=\"wpcf7-form-control wpcf7-textarea wpcf7-validates-as-required\" aria-required=\"true\" aria-invalid=\"false\" placeholder=\"Meddelande*\" name=\"your-message\"><\/textarea><\/span><\/div>\n<input class=\"wpcf7-form-control wpcf7-submit has-spinner\" type=\"submit\" value=\"Skicka\" \/><div class=\"wpcf7-response-output\" aria-hidden=\"true\"><\/div>\n<\/form>\n<\/div>\n[\/vc_column][\/vc_row]<\/p>\n<\/div>","protected":false},"excerpt":{"rendered":"<p>[vc_row css_animation=&#8221;&#8221; row_type=&#8221;row&#8221; use_row_as_full_screen_section=&#8221;no&#8221; type=&#8221;grid&#8221; angled_section=&#8221;no&#8221; text_align=&#8221;left&#8221; background_image_as_pattern=&#8221;without_pattern&#8221; z_index=&#8221;&#8221; css=&#8221;.vc_custom_1541502154108{padding-top: 40px !important;padding-bottom: 40px !important;}&#8221;][vc_column width=&#8221;1\/2&#8243;][vc_empty_space][\/vc_column][vc_column width=&#8221;1\/2&#8243;][vc_column_text css=&#8221;&#8221;]Yakisugi-tr\u00e4bearbetningstekniken har anv\u00e4nts flitigt i forntida japanska tempel och \u00e4r idag \u00e4ven idealisk f\u00f6r att bygga terrasser. Yakisugi-tekniken kombinerar tre element \u2013 \u200b\u200bjord (tr\u00e4), eld och vatten. &nbsp; Slutresultatet&#8230;<\/p>\n","protected":false},"author":4,"featured_media":0,"parent":0,"menu_order":0,"comment_status":"closed","ping_status":"closed","template":"full_width.php","meta":{"_acf_changed":false,"footnotes":""},"class_list":["post-2459","page","type-page","status-publish","hentry"],"acf":[],"aioseo_notices":[],"_links":{"self":[{"href":"https:\/\/yakisugi.ee\/sv\/wp-json\/wp\/v2\/pages\/2459","targetHints":{"allow":["GET"]}}],"collection":[{"href":"https:\/\/yakisugi.ee\/sv\/wp-json\/wp\/v2\/pages"}],"about":[{"href":"https:\/\/yakisugi.ee\/sv\/wp-json\/wp\/v2\/types\/page"}],"author":[{"embeddable":true,"href":"https:\/\/yakisugi.ee\/sv\/wp-json\/wp\/v2\/users\/4"}],"replies":[{"embeddable":true,"href":"https:\/\/yakisugi.ee\/sv\/wp-json\/wp\/v2\/comments?post=2459"}],"version-history":[{"count":2,"href":"https:\/\/yakisugi.ee\/sv\/wp-json\/wp\/v2\/pages\/2459\/revisions"}],"predecessor-version":[{"id":2934,"href":"https:\/\/yakisugi.ee\/sv\/wp-json\/wp\/v2\/pages\/2459\/revisions\/2934"}],"wp:attachment":[{"href":"https:\/\/yakisugi.ee\/sv\/wp-json\/wp\/v2\/media?parent=2459"}],"curies":[{"name":"wp","href":"https:\/\/api.w.org\/{rel}","templated":true}]}}